{"id":9889,"date":"2026-03-17T10:58:36","date_gmt":"2026-03-17T09:58:36","guid":{"rendered":"https:\/\/schake-vector.com\/?page_id=9889"},"modified":"2026-03-17T11:17:32","modified_gmt":"2026-03-17T10:17:32","slug":"v-barrier-5m-fix","status":"publish","type":"page","link":"https:\/\/schake-vector.com\/en\/produkte\/schranken\/v-barrier-5m-fix\/","title":{"rendered":"V-Barrier-5m-Fix"},"content":{"rendered":"<div data-elementor-type=\"wp-page\" data-elementor-id=\"9889\" class=\"elementor elementor-9889\">\n\t\t\t\t\t\t<section class=\"elementor-section elementor-top-section elementor-element elementor-element-db68ab6 elementor-section-boxed elementor-section-height-default elementor-section-height-default\" data-id=\"db68ab6\" data-element_type=\"section\" data-e-type=\"section\">\n\t\t\t\t\t\t<div class=\"elementor-container elementor-column-gap-default\">\n\t\t\t\t\t<div class=\"elementor-column elementor-col-100 elementor-top-column elementor-element elementor-element-bdd4b74\" data-id=\"bdd4b74\" data-element_type=\"column\" data-e-type=\"column\">\n\t\t\t<div class=\"elementor-widget-wrap elementor-element-populated\">\n\t\t\t\t\t\t<div class=\"elementor-element elementor-element-4c1afdf elementor-widget elementor-widget-heading\" data-id=\"4c1afdf\" data-element_type=\"widget\" data-e-type=\"widget\" data-widget_type=\"heading.default\">\n\t\t\t\t<div class=\"elementor-widget-container\">\n\t\t\t\t\t<h1 class=\"elementor-heading-title elementor-size-default\">V-Barrier-5m-Fix<\/h1>\t\t\t\t<\/div>\n\t\t\t\t<\/div>\n\t\t\t\t\t<\/div>\n\t\t<\/div>\n\t\t\t\t\t<\/div>\n\t\t<\/section>\n\t\t\t\t<section class=\"elementor-section elementor-top-section elementor-element elementor-element-90aa86c elementor-section-boxed elementor-section-height-default elementor-section-height-default\" data-id=\"90aa86c\" data-element_type=\"section\" data-e-type=\"section\">\n\t\t\t\t\t\t<div class=\"elementor-container elementor-column-gap-default\">\n\t\t\t\t\t<div class=\"elementor-column elementor-col-100 elementor-top-column elementor-element elementor-element-b6ea1de\" data-id=\"b6ea1de\" data-element_type=\"column\" data-e-type=\"column\">\n\t\t\t<div class=\"elementor-widget-wrap elementor-element-populated\">\n\t\t\t\t\t\t<div class=\"elementor-element elementor-element-8ce0935 elementor-widget elementor-widget-heading\" data-id=\"8ce0935\" data-element_type=\"widget\" data-e-type=\"widget\" data-widget_type=\"heading.default\">\n\t\t\t\t<div class=\"elementor-widget-container\">\n\t\t\t\t\t<h3 class=\"elementor-heading-title elementor-size-default\">Elektrische Schranke auf mobiler\nBetonplattform \u2013 ideal f\u00fcr gro\u00dfformatige\nZufahrten<\/h3>\t\t\t\t<\/div>\n\t\t\t\t<\/div>\n\t\t\t\t\t<\/div>\n\t\t<\/div>\n\t\t\t\t\t<\/div>\n\t\t<\/section>\n\t\t\t\t<section class=\"elementor-section elementor-top-section elementor-element elementor-element-02f50ff elementor-section-boxed elementor-section-height-default elementor-section-height-default\" data-id=\"02f50ff\" data-element_type=\"section\" data-e-type=\"section\">\n\t\t\t\t\t\t<div class=\"elementor-container elementor-column-gap-default\">\n\t\t\t\t\t<div class=\"elementor-column elementor-col-100 elementor-top-column elementor-element elementor-element-5aeef27\" data-id=\"5aeef27\" data-element_type=\"column\" data-e-type=\"column\">\n\t\t\t<div class=\"elementor-widget-wrap elementor-element-populated\">\n\t\t\t\t\t\t<div class=\"elementor-element elementor-element-35876f7 elementor-widget elementor-widget-text-editor\" data-id=\"35876f7\" data-element_type=\"widget\" data-e-type=\"widget\" data-widget_type=\"text-editor.default\">\n\t\t\t\t<div class=\"elementor-widget-container\">\n\t\t\t\t\t\t\t\t\t<p>Die V-Barrier-5m-Fix ist die kompakte L\u00f6sung f\u00fcr sichere und geregelte Zufahrten. Gefertigt aus verzinktem Stahl \u00fcberzeugt<br>sie durch Stabilit\u00e4t, Langlebigkeit und ihre zuverl\u00e4ssige elektrische Funktionsweise \u2013 ideal f\u00fcr den dauerhaften<br>Einsatz im Au\u00dfenbereich.<br><br>Mit ihrer anpassbaren Sperrbreite eignet sich die Schranke perfekt f\u00fcr unterschiedlichste Anwendungen, von Baustellen<br>\u00fcber Betriebsgel\u00e4nde bis hin zu Eventfl\u00e4chen. Das gleichm\u00e4\u00dfige und schnelle \u00d6ffnen sorgt f\u00fcr einen effizienten<br>Verkehrsfluss, selbst bei h\u00e4ufiger Nutzung.<br><br>Dank der festen Montage bleibt die V-Barrier-5m-Fix auch bei hohem Durchlauf stabil. Gleichzeitig l\u00e4sst sie sich bei<br>Bedarf durch verschiedenes Zubeh\u00f6r erweitern \u2013 etwa mit Zutrittskontrollsystemen, Ampeln oder zus\u00e4tzlichen Sicherheitskomponenten.<br><br>Die V-Barrier-5m-Fix bietet damit eine ideale Kombination aus kompakter Bauweise, robuster Konstruktion und praxisnaher<br>Bedienbarkeit. F\u00fcr klare Abl\u00e4ufe und maximale Sicherheit \u2013 \u00fcberall dort, wo eine zuverl\u00e4ssige Zufahrtsregelung<br>gefragt ist.<\/p>\t\t\t\t\t\t\t\t<\/div>\n\t\t\t\t<\/div>\n\t\t\t\t\t<\/div>\n\t\t<\/div>\n\t\t\t\t\t<\/div>\n\t\t<\/section>\n\t\t\t\t<section class=\"elementor-section elementor-top-section elementor-element elementor-element-7aed9d4 elementor-section-boxed elementor-section-height-default elementor-section-height-default\" data-id=\"7aed9d4\" data-element_type=\"section\" data-e-type=\"section\">\n\t\t\t\t\t\t<div class=\"elementor-container elementor-column-gap-default\">\n\t\t\t\t\t<div class=\"elementor-column elementor-col-100 elementor-top-column elementor-element elementor-element-096deb8\" data-id=\"096deb8\" data-element_type=\"column\" data-e-type=\"column\">\n\t\t\t<div class=\"elementor-widget-wrap elementor-element-populated\">\n\t\t\t\t\t\t<div class=\"elementor-element elementor-element-e2bc761 elementor-widget elementor-widget-html\" data-id=\"e2bc761\" data-element_type=\"widget\" data-e-type=\"widget\" data-widget_type=\"html.default\">\n\t\t\t\t<div class=\"elementor-widget-container\">\n\t\t\t\t\t<div class=\"product-info-wrapper\">\n    <div class=\"product-image-side\">\n        <div class=\"image-frame-container dimension-container-main\">\n            <img decoding=\"async\" src=\"https:\/\/schake-vector.com\/wp-content\/uploads\/2026\/03\/VPBA5F-1-scaled-e1773742027417.png\" class=\"base-photo\" alt=\"Produktansicht\">\n            \n            <div class=\"desktop-arrows\">\n                <div class=\"dimension vertical h-dim\">\n                    <div class=\"line-segment\"><\/div>\n                    <span class=\"value\">1,38 m<\/span>\n                    <div class=\"line-segment\"><\/div>\n                <\/div>\n\n                <div class=\"dimension horizontal l-dim stacked\">\n                    <div class=\"arrow-line-wrapper\">\n                        <div class=\"line-segment left-arrow\"><\/div>\n                        <div class=\"line-segment right-arrow\"><\/div>\n                    <\/div>\n                    <span class=\"value\">0,3 m<\/span>\n                <\/div>\n\n                <div class=\"dimension horizontal b-dim\">\n                    <div class=\"line-segment left-arrow\"><\/div>\n                    <span class=\"value\">5,42 m<\/span>\n                    <div class=\"line-segment right-arrow\"><\/div>\n                <\/div>\n            <\/div>\n        <\/div>\n    <\/div>\n\n    <div class=\"product-text-side\">\n        <div class=\"centered-content-box\">\n            <h4 class=\"modern-title\">Highlights<\/h4>\n            <ul class=\"compact-list\">\n                <li>Abmessungen: 0,3 x 5,42 x 1,38 m<\/li>\n                <li>Gewicht: 65 kg<\/li>\n                <li>Durchfahrtsbreite: 4,75 m \/ k\u00fcrzbar bis auf 2,75 m<\/li>\n                <li>F\u00fcr den Au\u00dfenbetrieb geeignet<\/li>\n                <li>Auf mobiler Betonplattform mit Stellf\u00fc\u00dfen<\/li>\n                <li>Connection via 230 V CEE plug<\/li>\n                <li>24 V Antrieb<\/li>\n                <li>\u00d6ffnungszeit 3,5 \u2013 6 s<\/li>\n                <li>F\u00fcr Intensivbetrieb geeignet<\/li>\n                <li>Einbindung vieler Zubeh\u00f6rteile<\/li>\n                <li>Lichtschranke<\/li>\n                <li>Optionale Pendelst\u00fctze und Auflagepfosten<\/li>\n                <li>automatische Schlie\u00dfung einstellbar<\/li>\n                <li>inkl. 2 Handsender<\/li>\n                <li>Handbetrieb durch Schl\u00fcssel freischaltbar<\/li>\n                <li>Individual powder coating<\/li>\n            <\/ul>\n        <\/div>\n    <\/div>\n<\/div>\n\n<style>\n\/* --- HAUPT-LAYOUT (UNVER\u00c4NDERT) --- *\/\n.product-info-wrapper {\n    display: flex;\n    align-items: center; \n    background-color: #637d96; \n    width: 100%;\n    border-radius: 30px;\n    overflow: hidden;\n    box-shadow: 0 25px 50px rgba(0,0,0,0.25);\n    font-family: 'Segoe UI', Roboto, sans-serif;\n    min-height: 650px;\n}\n\n.product-image-side {\n    flex: 0 0 60%; \n    display: flex;\n    align-items: center;\n    justify-content: center;\n    padding: 40px;\n}\n\n.image-frame-container {\n    width: 100%; \n    border: 3px solid white; \n    border-radius: 20px; \n    overflow: hidden; \n    position: relative;\n    container-type: inline-size;\n    padding: 30px; \n    background: rgba(255, 255, 255, 0.03);\n}\n\n.base-photo {\n    width: 100%; height: auto; display: block;\n    -webkit-mask-image: radial-gradient(circle at center, black 80%, transparent 105%);\n    transform: scale(1.1); \n}\n\n\/* --- PFEILE & MA\u1e9eE --- *\/\n.dimension {\n    position: absolute; display: flex; align-items: center; justify-content: center;\n    color: white; font-weight: 700;\n    font-size: 2.2cqw;\n    text-shadow: 0.15cqw 0.15cqw 0.3cqw rgba(0,0,0,0.8); z-index: 10;\n}\n\n.line-segment {\n    flex-grow: 1; background: white; position: relative;\n    height: 0.25cqw;\n    box-shadow: 0 0 0.2cqw rgba(0,0,0,0.4);\n}\n\n.value { padding: 0 0.8cqw; white-space: nowrap; }\n\n\/* NUR H-DIM ANPASSUNG F\u00dcR DIE L\u00dcCKE *\/\n.h-dim { top: 29%; right: 4%; height: 48%; flex-direction: column; }\n.h-dim .line-segment { width: 0.25cqw; height: auto; } \n.h-dim .value { transform: rotate(-90deg); padding: 1.5cqw 0; } \/* Padding hinzugef\u00fcgt f\u00fcr L\u00fccke *\/\n\n.stacked { flex-direction: column; }\n.arrow-line-wrapper { display: flex; width: 100%; align-items: center; }\n.l-dim { bottom: 15%; left: 80%; width: 3%; transform: rotate(30deg); }\n.l-dim .value { padding-top: 0.5cqw; }\n\n.b-dim { bottom: 74%; right: 10%; width: 83.5%; transform: rotate(0deg); }\n\n.h-dim .line-segment:first-child::before, .h-dim .line-segment:last-child::after,\n.left-arrow::before, .right-arrow::after {\n    content: ''; position: absolute; border: 0.5cqw solid transparent; \n}\n.h-dim .line-segment:first-child::before { left: 50%; transform: translateX(-50%); border-bottom: 1.1cqw solid white; top: -0.2cqw; }\n.h-dim .line-segment:last-child::after { left: 50%; transform: translateX(-50%); border-top: 1.1cqw solid white; bottom: -0.2cqw; }\n.left-arrow::before { left: -0.2cqw; top: 50%; transform: translateY(-50%); border-right: 1.1cqw solid white; }\n.right-arrow::after { right: -0.2cqw; top: 50%; transform: translateY(-50%); border-left: 1.1cqw solid white; }\n\n\/* --- TEXTSEITE (UNVER\u00c4NDERT) --- *\/\n.product-text-side {\n    flex: 1;\n    display: flex;\n    align-items: center;\n    justify-content: center;\n    padding: 40px 40px 40px 0;\n}\n\n.modern-title { margin: 0 0 10px 0; font-size: 26px; font-weight: 800; color: #ffffff !important; }\n.compact-list { list-style: none; padding: 0; margin: 0; }\n.compact-list li { font-size: 13px; line-height: 1.15; margin-bottom: 7px; color: #ffffff; display: flex; align-items: center; }\n.compact-list li::before { content: \"\"; display: inline-block; width: 6px; height: 6px; background-color: #ffffff; border-radius: 50%; margin-right: 12px; flex-shrink: 0; }\n\n\/* --- RESPONSIVE ANPASSUNG --- *\/\n@media (max-width: 900px) {\n    .desktop-arrows { display: none; }\n    .product-info-wrapper { flex-direction: column; min-height: auto; }\n    .product-image-side, .product-text-side { flex: 0 0 100%; width: 100%; padding: 30px; }\n}\n<\/style>\t\t\t\t<\/div>\n\t\t\t\t<\/div>\n\t\t\t\t\t<\/div>\n\t\t<\/div>\n\t\t\t\t\t<\/div>\n\t\t<\/section>\n\t\t\t\t<\/div>","protected":false},"excerpt":{"rendered":"<p>V-Barrier-5m-Fix Elektrische Schranke auf mobiler Betonplattform \u2013 ideal f\u00fcr gro\u00dfformatige Zufahrten Die V-Barrier-5m-Fix ist die kompakte L\u00f6sung f\u00fcr sichere und geregelte Zufahrten. [&hellip;]<\/p>\n","protected":false},"author":2,"featured_media":0,"parent":8681,"menu_order":0,"comment_status":"closed","ping_status":"closed","template":"page-templates\/page_front-page.php","meta":{"footnotes":""},"class_list":["post-9889","page","type-page","status-publish","hentry"],"yoast_head":"<!-- This site is optimized with the Yoast SEO plugin v27.3 - https:\/\/yoast.com\/product\/yoast-seo-wordpress\/ -->\n<title>V-Barrier-5m-Fix - VECTOR<\/title>\n<meta name=\"robots\" content=\"index, follow, max-snippet:-1, max-image-preview:large, max-video-preview:-1\" \/>\n<link rel=\"canonical\" href=\"https:\/\/schake-vector.com\/en\/produkte\/schranken\/v-barrier-5m-fix\/\" \/>\n<meta property=\"og:locale\" content=\"en_US\" \/>\n<meta property=\"og:type\" content=\"article\" \/>\n<meta property=\"og:title\" content=\"V-Barrier-5m-Fix - VECTOR\" \/>\n<meta property=\"og:description\" content=\"V-Barrier-5m-Fix Elektrische Schranke auf mobiler Betonplattform \u2013 ideal f\u00fcr gro\u00dfformatige Zufahrten Die V-Barrier-5m-Fix ist die kompakte L\u00f6sung f\u00fcr sichere und geregelte Zufahrten. [&hellip;]\" \/>\n<meta property=\"og:url\" content=\"https:\/\/schake-vector.com\/en\/produkte\/schranken\/v-barrier-5m-fix\/\" \/>\n<meta property=\"og:site_name\" content=\"VECTOR\" \/>\n<meta property=\"article:modified_time\" content=\"2026-03-17T10:17:32+00:00\" \/>\n<meta property=\"og:image\" content=\"https:\/\/schake-vector.com\/wp-content\/uploads\/2026\/03\/VPBA5F-1-scaled-e1773742027417.png\" \/>\n<meta name=\"twitter:card\" content=\"summary_large_image\" \/>\n<meta name=\"twitter:label1\" content=\"Est. reading time\" \/>\n\t<meta name=\"twitter:data1\" content=\"1 minute\" \/>\n<script type=\"application\/ld+json\" class=\"yoast-schema-graph\">{\"@context\":\"https:\\\/\\\/schema.org\",\"@graph\":[{\"@type\":\"WebPage\",\"@id\":\"https:\\\/\\\/schake-vector.com\\\/produkte\\\/schranken\\\/v-barrier-5m-fix\\\/\",\"url\":\"https:\\\/\\\/schake-vector.com\\\/produkte\\\/schranken\\\/v-barrier-5m-fix\\\/\",\"name\":\"V-Barrier-5m-Fix - VECTOR\",\"isPartOf\":{\"@id\":\"https:\\\/\\\/schake-vector.com\\\/#website\"},\"primaryImageOfPage\":{\"@id\":\"https:\\\/\\\/schake-vector.com\\\/produkte\\\/schranken\\\/v-barrier-5m-fix\\\/#primaryimage\"},\"image\":{\"@id\":\"https:\\\/\\\/schake-vector.com\\\/produkte\\\/schranken\\\/v-barrier-5m-fix\\\/#primaryimage\"},\"thumbnailUrl\":\"https:\\\/\\\/schake-vector.com\\\/wp-content\\\/uploads\\\/2026\\\/03\\\/VPBA5F-1-scaled-e1773742027417.png\",\"datePublished\":\"2026-03-17T09:58:36+00:00\",\"dateModified\":\"2026-03-17T10:17:32+00:00\",\"breadcrumb\":{\"@id\":\"https:\\\/\\\/schake-vector.com\\\/produkte\\\/schranken\\\/v-barrier-5m-fix\\\/#breadcrumb\"},\"inLanguage\":\"en-US\",\"potentialAction\":[{\"@type\":\"ReadAction\",\"target\":[\"https:\\\/\\\/schake-vector.com\\\/produkte\\\/schranken\\\/v-barrier-5m-fix\\\/\"]}]},{\"@type\":\"ImageObject\",\"inLanguage\":\"en-US\",\"@id\":\"https:\\\/\\\/schake-vector.com\\\/produkte\\\/schranken\\\/v-barrier-5m-fix\\\/#primaryimage\",\"url\":\"https:\\\/\\\/schake-vector.com\\\/wp-content\\\/uploads\\\/2026\\\/03\\\/VPBA5F-1-scaled-e1773742027417.png\",\"contentUrl\":\"https:\\\/\\\/schake-vector.com\\\/wp-content\\\/uploads\\\/2026\\\/03\\\/VPBA5F-1-scaled-e1773742027417.png\"},{\"@type\":\"BreadcrumbList\",\"@id\":\"https:\\\/\\\/schake-vector.com\\\/produkte\\\/schranken\\\/v-barrier-5m-fix\\\/#breadcrumb\",\"itemListElement\":[{\"@type\":\"ListItem\",\"position\":1,\"name\":\"Home\",\"item\":\"https:\\\/\\\/schake-vector.com\\\/\"},{\"@type\":\"ListItem\",\"position\":2,\"name\":\"Produkte\",\"item\":\"https:\\\/\\\/schake-vector.com\\\/produkte\\\/\"},{\"@type\":\"ListItem\",\"position\":3,\"name\":\"Schranken\",\"item\":\"https:\\\/\\\/schake-vector.com\\\/produkte\\\/schranken\\\/\"},{\"@type\":\"ListItem\",\"position\":4,\"name\":\"V-Barrier-5m-Fix\"}]},{\"@type\":\"WebSite\",\"@id\":\"https:\\\/\\\/schake-vector.com\\\/#website\",\"url\":\"https:\\\/\\\/schake-vector.com\\\/\",\"name\":\"VECTOR\",\"description\":\"Creative Tech Solutions\",\"publisher\":{\"@id\":\"https:\\\/\\\/schake-vector.com\\\/#organization\"},\"potentialAction\":[{\"@type\":\"SearchAction\",\"target\":{\"@type\":\"EntryPoint\",\"urlTemplate\":\"https:\\\/\\\/schake-vector.com\\\/?s={search_term_string}\"},\"query-input\":{\"@type\":\"PropertyValueSpecification\",\"valueRequired\":true,\"valueName\":\"search_term_string\"}}],\"inLanguage\":\"en-US\"},{\"@type\":\"Organization\",\"@id\":\"https:\\\/\\\/schake-vector.com\\\/#organization\",\"name\":\"Schake-Vector\",\"url\":\"https:\\\/\\\/schake-vector.com\\\/\",\"logo\":{\"@type\":\"ImageObject\",\"inLanguage\":\"en-US\",\"@id\":\"https:\\\/\\\/schake-vector.com\\\/#\\\/schema\\\/logo\\\/image\\\/\",\"url\":\"https:\\\/\\\/schake-vector.com\\\/wp-content\\\/uploads\\\/2021\\\/07\\\/Schake-Vector-Logo-2021_o_HG-1.png\",\"contentUrl\":\"https:\\\/\\\/schake-vector.com\\\/wp-content\\\/uploads\\\/2021\\\/07\\\/Schake-Vector-Logo-2021_o_HG-1.png\",\"width\":1566,\"height\":324,\"caption\":\"Schake-Vector\"},\"image\":{\"@id\":\"https:\\\/\\\/schake-vector.com\\\/#\\\/schema\\\/logo\\\/image\\\/\"},\"sameAs\":[\"https:\\\/\\\/www.instagram.com\\\/schake_vector\\\/\",\"https:\\\/\\\/de.linkedin.com\\\/company\\\/schake-vector\"]}]}<\/script>\n<!-- \/ Yoast SEO plugin. -->","yoast_head_json":{"title":"V-Barrier-5m-Fix - VECTOR","robots":{"index":"index","follow":"follow","max-snippet":"max-snippet:-1","max-image-preview":"max-image-preview:large","max-video-preview":"max-video-preview:-1"},"canonical":"https:\/\/schake-vector.com\/en\/produkte\/schranken\/v-barrier-5m-fix\/","og_locale":"en_US","og_type":"article","og_title":"V-Barrier-5m-Fix - VECTOR","og_description":"V-Barrier-5m-Fix Elektrische Schranke auf mobiler Betonplattform \u2013 ideal f\u00fcr gro\u00dfformatige Zufahrten Die V-Barrier-5m-Fix ist die kompakte L\u00f6sung f\u00fcr sichere und geregelte Zufahrten. [&hellip;]","og_url":"https:\/\/schake-vector.com\/en\/produkte\/schranken\/v-barrier-5m-fix\/","og_site_name":"VECTOR","article_modified_time":"2026-03-17T10:17:32+00:00","og_image":[{"url":"https:\/\/schake-vector.com\/wp-content\/uploads\/2026\/03\/VPBA5F-1-scaled-e1773742027417.png","type":"","width":"","height":""}],"twitter_card":"summary_large_image","twitter_misc":{"Est. reading time":"1 minute"},"schema":{"@context":"https:\/\/schema.org","@graph":[{"@type":"WebPage","@id":"https:\/\/schake-vector.com\/produkte\/schranken\/v-barrier-5m-fix\/","url":"https:\/\/schake-vector.com\/produkte\/schranken\/v-barrier-5m-fix\/","name":"V-Barrier-5m-Fix - VECTOR","isPartOf":{"@id":"https:\/\/schake-vector.com\/#website"},"primaryImageOfPage":{"@id":"https:\/\/schake-vector.com\/produkte\/schranken\/v-barrier-5m-fix\/#primaryimage"},"image":{"@id":"https:\/\/schake-vector.com\/produkte\/schranken\/v-barrier-5m-fix\/#primaryimage"},"thumbnailUrl":"https:\/\/schake-vector.com\/wp-content\/uploads\/2026\/03\/VPBA5F-1-scaled-e1773742027417.png","datePublished":"2026-03-17T09:58:36+00:00","dateModified":"2026-03-17T10:17:32+00:00","breadcrumb":{"@id":"https:\/\/schake-vector.com\/produkte\/schranken\/v-barrier-5m-fix\/#breadcrumb"},"inLanguage":"en-US","potentialAction":[{"@type":"ReadAction","target":["https:\/\/schake-vector.com\/produkte\/schranken\/v-barrier-5m-fix\/"]}]},{"@type":"ImageObject","inLanguage":"en-US","@id":"https:\/\/schake-vector.com\/produkte\/schranken\/v-barrier-5m-fix\/#primaryimage","url":"https:\/\/schake-vector.com\/wp-content\/uploads\/2026\/03\/VPBA5F-1-scaled-e1773742027417.png","contentUrl":"https:\/\/schake-vector.com\/wp-content\/uploads\/2026\/03\/VPBA5F-1-scaled-e1773742027417.png"},{"@type":"BreadcrumbList","@id":"https:\/\/schake-vector.com\/produkte\/schranken\/v-barrier-5m-fix\/#breadcrumb","itemListElement":[{"@type":"ListItem","position":1,"name":"Home","item":"https:\/\/schake-vector.com\/"},{"@type":"ListItem","position":2,"name":"Produkte","item":"https:\/\/schake-vector.com\/produkte\/"},{"@type":"ListItem","position":3,"name":"Schranken","item":"https:\/\/schake-vector.com\/produkte\/schranken\/"},{"@type":"ListItem","position":4,"name":"V-Barrier-5m-Fix"}]},{"@type":"WebSite","@id":"https:\/\/schake-vector.com\/#website","url":"https:\/\/schake-vector.com\/","name":"VECTOR","description":"Creative Tech Solutions","publisher":{"@id":"https:\/\/schake-vector.com\/#organization"},"potentialAction":[{"@type":"SearchAction","target":{"@type":"EntryPoint","urlTemplate":"https:\/\/schake-vector.com\/?s={search_term_string}"},"query-input":{"@type":"PropertyValueSpecification","valueRequired":true,"valueName":"search_term_string"}}],"inLanguage":"en-US"},{"@type":"Organization","@id":"https:\/\/schake-vector.com\/#organization","name":"Schake-Vector","url":"https:\/\/schake-vector.com\/","logo":{"@type":"ImageObject","inLanguage":"en-US","@id":"https:\/\/schake-vector.com\/#\/schema\/logo\/image\/","url":"https:\/\/schake-vector.com\/wp-content\/uploads\/2021\/07\/Schake-Vector-Logo-2021_o_HG-1.png","contentUrl":"https:\/\/schake-vector.com\/wp-content\/uploads\/2021\/07\/Schake-Vector-Logo-2021_o_HG-1.png","width":1566,"height":324,"caption":"Schake-Vector"},"image":{"@id":"https:\/\/schake-vector.com\/#\/schema\/logo\/image\/"},"sameAs":["https:\/\/www.instagram.com\/schake_vector\/","https:\/\/de.linkedin.com\/company\/schake-vector"]}]}},"_links":{"self":[{"href":"https:\/\/schake-vector.com\/en\/wp-json\/wp\/v2\/pages\/9889","targetHints":{"allow":["GET"]}}],"collection":[{"href":"https:\/\/schake-vector.com\/en\/wp-json\/wp\/v2\/pages"}],"about":[{"href":"https:\/\/schake-vector.com\/en\/wp-json\/wp\/v2\/types\/page"}],"author":[{"embeddable":true,"href":"https:\/\/schake-vector.com\/en\/wp-json\/wp\/v2\/users\/2"}],"replies":[{"embeddable":true,"href":"https:\/\/schake-vector.com\/en\/wp-json\/wp\/v2\/comments?post=9889"}],"version-history":[{"count":4,"href":"https:\/\/schake-vector.com\/en\/wp-json\/wp\/v2\/pages\/9889\/revisions"}],"predecessor-version":[{"id":9895,"href":"https:\/\/schake-vector.com\/en\/wp-json\/wp\/v2\/pages\/9889\/revisions\/9895"}],"up":[{"embeddable":true,"href":"https:\/\/schake-vector.com\/en\/wp-json\/wp\/v2\/pages\/8681"}],"wp:attachment":[{"href":"https:\/\/schake-vector.com\/en\/wp-json\/wp\/v2\/media?parent=9889"}],"curies":[{"name":"wp","href":"https:\/\/api.w.org\/{rel}","templated":true}]}}