{"id":8940,"date":"2026-01-12T14:24:06","date_gmt":"2026-01-12T13:24:06","guid":{"rendered":"https:\/\/schake-vector.com\/?page_id=8940"},"modified":"2026-02-11T08:43:26","modified_gmt":"2026-02-11T07:43:26","slug":"erweiterungen","status":"publish","type":"page","link":"https:\/\/schake-vector.com\/en\/produkte\/erweiterungen\/","title":{"rendered":"Erweiterungen"},"content":{"rendered":"<div data-elementor-type=\"wp-page\" data-elementor-id=\"8940\" class=\"elementor elementor-8940\">\n\t\t\t\t\t\t<section class=\"elementor-section elementor-top-section elementor-element elementor-element-a55eaf3 elementor-section-boxed elementor-section-height-default elementor-section-height-default\" data-id=\"a55eaf3\" data-element_type=\"section\" data-e-type=\"section\">\n\t\t\t\t\t\t<div class=\"elementor-container elementor-column-gap-default\">\n\t\t\t\t\t<div class=\"elementor-column elementor-col-100 elementor-top-column elementor-element elementor-element-2b98f85\" data-id=\"2b98f85\" data-element_type=\"column\" data-e-type=\"column\">\n\t\t\t<div class=\"elementor-widget-wrap elementor-element-populated\">\n\t\t\t\t\t\t<div class=\"elementor-element elementor-element-0b0f331 elementor-widget elementor-widget-heading\" data-id=\"0b0f331\" data-element_type=\"widget\" data-e-type=\"widget\" data-widget_type=\"heading.default\">\n\t\t\t\t<div class=\"elementor-widget-container\">\n\t\t\t\t\t<h1 class=\"elementor-heading-title elementor-size-default\">Erweiterungen<\/h1>\t\t\t\t<\/div>\n\t\t\t\t<\/div>\n\t\t\t\t\t<\/div>\n\t\t<\/div>\n\t\t\t\t\t<\/div>\n\t\t<\/section>\n\t\t\t\t<section class=\"elementor-section elementor-top-section elementor-element elementor-element-0e25eb4 elementor-section-boxed elementor-section-height-default elementor-section-height-default\" data-id=\"0e25eb4\" data-element_type=\"section\" data-e-type=\"section\">\n\t\t\t\t\t\t<div class=\"elementor-container elementor-column-gap-default\">\n\t\t\t\t\t<div class=\"elementor-column elementor-col-100 elementor-top-column elementor-element elementor-element-8ce62d6\" data-id=\"8ce62d6\" data-element_type=\"column\" data-e-type=\"column\">\n\t\t\t<div class=\"elementor-widget-wrap elementor-element-populated\">\n\t\t\t\t\t\t<div class=\"elementor-element elementor-element-081058d elementor-widget elementor-widget-heading\" data-id=\"081058d\" data-element_type=\"widget\" data-e-type=\"widget\" data-widget_type=\"heading.default\">\n\t\t\t\t<div class=\"elementor-widget-container\">\n\t\t\t\t\t<h2 class=\"elementor-heading-title elementor-size-default\">Unsere exklusive Kollektion\nan Plattformen<\/h2>\t\t\t\t<\/div>\n\t\t\t\t<\/div>\n\t\t\t\t\t<\/div>\n\t\t<\/div>\n\t\t\t\t\t<\/div>\n\t\t<\/section>\n\t\t\t\t<section class=\"elementor-section elementor-top-section elementor-element elementor-element-ab94bef elementor-section-boxed elementor-section-height-default elementor-section-height-default\" data-id=\"ab94bef\" data-element_type=\"section\" data-e-type=\"section\">\n\t\t\t\t\t\t<div class=\"elementor-container elementor-column-gap-default\">\n\t\t\t\t\t<div class=\"elementor-column elementor-col-100 elementor-top-column elementor-element elementor-element-48ca22c\" data-id=\"48ca22c\" data-element_type=\"column\" data-e-type=\"column\">\n\t\t\t<div class=\"elementor-widget-wrap elementor-element-populated\">\n\t\t\t\t\t\t<div class=\"elementor-element elementor-element-e641556 elementor-widget elementor-widget-heading\" data-id=\"e641556\" data-element_type=\"widget\" data-e-type=\"widget\" data-widget_type=\"heading.default\">\n\t\t\t\t<div class=\"elementor-widget-container\">\n\t\t\t\t\t<h3 class=\"elementor-heading-title elementor-size-default\">die perfekte\nKombination aus Stil, Funktionalit\u00e4t\nund Vielseitigkeiteine \u00dcberschrift ein<\/h3>\t\t\t\t<\/div>\n\t\t\t\t<\/div>\n\t\t\t\t\t<\/div>\n\t\t<\/div>\n\t\t\t\t\t<\/div>\n\t\t<\/section>\n\t\t\t\t<section class=\"elementor-section elementor-top-section elementor-element elementor-element-464cf23 elementor-section-boxed elementor-section-height-default elementor-section-height-default\" data-id=\"464cf23\" data-element_type=\"section\" data-e-type=\"section\">\n\t\t\t\t\t\t<div class=\"elementor-container elementor-column-gap-default\">\n\t\t\t\t\t<div class=\"elementor-column elementor-col-100 elementor-top-column elementor-element elementor-element-555884d\" data-id=\"555884d\" data-element_type=\"column\" data-e-type=\"column\">\n\t\t\t<div class=\"elementor-widget-wrap elementor-element-populated\">\n\t\t\t\t\t\t<div class=\"elementor-element elementor-element-7552288 elementor-widget elementor-widget-text-editor\" data-id=\"7552288\" data-element_type=\"widget\" data-e-type=\"widget\" data-widget_type=\"text-editor.default\">\n\t\t\t\t<div class=\"elementor-widget-container\">\n\t\t\t\t\t\t\t\t\t<p>Unsere V-Platform&#8217;s bilden die durchdachte Basis f\u00fcr alle Produkte der Plattform-Serie. Mit den unterschiedlichen<br>Abmessungen und Spezifikationen sind sie auf die jeweiligen Produkte optimal abgestimmt.<br><br>F\u00fcr maximale Flexibilit\u00e4t und Stabilit\u00e4t verf\u00fcgen unsere Plattformen \u00fcber verstellbare F\u00fc\u00dfe, die bequem von oben eingestellt<br>werden k\u00f6nnen. Die Befestigungspunkte bieten eine hohe Zugfestigkeit und zus\u00e4tzliche Montagem\u00f6glichkeiten. Die demontierbaren<br>Ringschrauben erm\u00f6glichen ein m\u00fcheloses Anheben mit dem Kran, w\u00e4hrend die spezielle Anti-Rutsch-Oberfl\u00e4che f\u00fcr<br>Sicherheit in jeder Situation sorgt. Transportiere deine Plattform m\u00fchelos mit den praktischen Staplertaschen und stelle<br>sie dank der integrierten Wasserwaage immer perfekt auf. Die V-Ramp&#8217;s k\u00f6nnen, um Stolperkanten zu vermeiden, vor den<br>V-Platform&#8217;s platziert werden. In der gro\u00dfen Ausf\u00fchrung sind diese auch f\u00fcr Rollstuhlfahrer geeignet.<br><br>Ob als festes Fundament in den Boden eingelassen, f\u00fcr langfristige Projekte oder als mobile Plattform f\u00fcr flexible<br>Eins\u00e4tze &#8211; unsere Plattformen sind die ideale L\u00f6sung f\u00fcr Ihre anspruchsvollen Anforderungen. Entdecke deine perfekte<br>Plattform f\u00fcr dein n\u00e4chstes Projekt!<\/p>\t\t\t\t\t\t\t\t<\/div>\n\t\t\t\t<\/div>\n\t\t\t\t\t<\/div>\n\t\t<\/div>\n\t\t\t\t\t<\/div>\n\t\t<\/section>\n\t\t\t\t<section class=\"elementor-section elementor-top-section elementor-element elementor-element-b426b68 elementor-section-boxed elementor-section-height-default elementor-section-height-default\" data-id=\"b426b68\" data-element_type=\"section\" data-e-type=\"section\">\n\t\t\t\t\t\t<div class=\"elementor-container elementor-column-gap-default\">\n\t\t\t\t\t<div class=\"elementor-column elementor-col-50 elementor-top-column elementor-element elementor-element-3e3bcb9\" data-id=\"3e3bcb9\" data-element_type=\"column\" data-e-type=\"column\">\n\t\t\t<div class=\"elementor-widget-wrap elementor-element-populated\">\n\t\t\t\t\t\t<div class=\"elementor-element elementor-element-9743558 elementor-widget elementor-widget-html\" data-id=\"9743558\" data-element_type=\"widget\" data-e-type=\"widget\" data-widget_type=\"html.default\">\n\t\t\t\t<div class=\"elementor-widget-container\">\n\t\t\t\t\t<div class=\"single-image-wrapper\">\n  <a href=\"\" class=\"image-link\">\n    <img decoding=\"async\" src=\"https:\/\/schake-vector.com\/wp-content\/uploads\/2026\/01\/B003523_Plattformen-scaled-e1770793680417.png\" alt=\"Produktbild\">\n  <\/a>\n  \n  <div class=\"info-bar\">\n    V-Platform\n  <\/div>\n<\/div>\n\n<style>\n  .single-image-wrapper {\n    display: flex !important;\n    flex-direction: column !important;\n    align-items: center !important;\n    width: 100% !important;\n    padding: 20px 0 !important;\n    overflow: visible !important; \/* Erlaubt, dass der Balken \u00fcbersteht falls n\u00f6tig *\/\n  }\n\n  .image-link {\n    display: block !important;\n    width: 100% !important; \/* Nutzt die volle Breite des WordPress-Blocks *\/\n    max-width: 1200px !important; \/* HIER DIE MAXIMALGR\u00d6SSE DES BILDES ANPASSEN *\/\n    margin: 0 auto !important;\n    text-decoration: none !important;\n  }\n\n  .single-image-wrapper img {\n    width: 100% !important; \/* Bild streckt sich auf die Gr\u00f6\u00dfe des Links *\/\n    height: auto !important;\n    display: block !important;\n    margin: 0 auto !important;\n\n    -webkit-mask-image: linear-gradient(to bottom, transparent, black 10%, black 90%, transparent),\n                        linear-gradient(to right, transparent, black 10%, black 90%, transparent);\n    mask-image: linear-gradient(to bottom, transparent, black 10%, black 90%, transparent),\n                linear-gradient(to right, transparent, black 10%, black 90%, transparent);\n    -webkit-mask-composite: source-in;\n    mask-composite: intersect;\n  }\n\n  .info-bar {\n    margin: -15px auto 0 auto !important;\n    background-color: #ffffff !important;\n    color: #637d96 !important;\n    padding: 8px 30px !important;\n    font-family: sans-serif !important;\n    font-weight: bold !important;\n    \n    \/* Schrift-Anpassungen *\/\n    text-transform: none !important; \/* Nur 1. Buchstabe gro\u00df *\/\n    font-size: 14px !important;      \/* Kleinere Schrift *\/\n    \n    letter-spacing: 1px !important;\n    border-radius: 25px !important;\n    min-width: 120px !important;\n    text-align: center !important;\n    box-shadow: 0 4px 6px rgba(0,0,0,0.05) !important;\n    z-index: 2 !important;\n    position: relative !important;\n  }\n\n  @media (max-width: 600px) {\n    .single-image-wrapper img { \n      width: 100% !important; \/* Volle Breite auf dem Smartphone *\/\n    }\n    .info-bar { \n      font-size: 12px !important;\n      padding: 6px 20px !important; \n      margin-top: -10px !important;\n    }\n  }\n<\/style>\t\t\t\t<\/div>\n\t\t\t\t<\/div>\n\t\t\t\t\t<\/div>\n\t\t<\/div>\n\t\t\t\t<div class=\"elementor-column elementor-col-50 elementor-top-column elementor-element elementor-element-337dd2d\" data-id=\"337dd2d\" data-element_type=\"column\" data-e-type=\"column\">\n\t\t\t<div class=\"elementor-widget-wrap elementor-element-populated\">\n\t\t\t\t\t\t<div class=\"elementor-element elementor-element-cd0d14f elementor-widget__width-initial elementor-widget elementor-widget-html\" data-id=\"cd0d14f\" data-element_type=\"widget\" data-e-type=\"widget\" data-widget_type=\"html.default\">\n\t\t\t\t<div class=\"elementor-widget-container\">\n\t\t\t\t\t<div class=\"single-image-wrapper\">\n  <a href=\"\" class=\"image-link\">\n    <img decoding=\"async\" src=\"https:\/\/schake-vector.com\/wp-content\/uploads\/2026\/01\/VRAMPL-scaled-e1770362554280.png\" alt=\"Produktbild\">\n  <\/a>\n  \n  <div class=\"info-bar\">\n    V-Ramp\n  <\/div>\n<\/div>\n\n<style>\n  .single-image-wrapper {\n    display: flex !important;\n    flex-direction: column !important;\n    align-items: center !important;\n    width: 100% !important;\n    padding: 20px 0 !important;\n    overflow: visible !important; \/* Erlaubt, dass der Balken \u00fcbersteht falls n\u00f6tig *\/\n  }\n\n  .image-link {\n    display: block !important;\n    width: 100% !important; \/* Nutzt die volle Breite des WordPress-Blocks *\/\n    max-width: 1200px !important; \/* HIER DIE MAXIMALGR\u00d6SSE DES BILDES ANPASSEN *\/\n    margin: 0 auto !important;\n    text-decoration: none !important;\n  }\n\n  .single-image-wrapper img {\n    width: 100% !important; \/* Bild streckt sich auf die Gr\u00f6\u00dfe des Links *\/\n    height: auto !important;\n    display: block !important;\n    margin: 0 auto !important;\n\n    -webkit-mask-image: linear-gradient(to bottom, transparent, black 10%, black 90%, transparent),\n                        linear-gradient(to right, transparent, black 10%, black 90%, transparent);\n    mask-image: linear-gradient(to bottom, transparent, black 10%, black 90%, transparent),\n                linear-gradient(to right, transparent, black 10%, black 90%, transparent);\n    -webkit-mask-composite: source-in;\n    mask-composite: intersect;\n  }\n\n  .info-bar {\n    margin: -15px auto 0 auto !important;\n    background-color: #ffffff !important;\n    color: #637d96 !important;\n    padding: 8px 30px !important;\n    font-family: sans-serif !important;\n    font-weight: bold !important;\n    \n    \/* Schrift-Anpassungen *\/\n    text-transform: none !important; \/* Nur 1. Buchstabe gro\u00df *\/\n    font-size: 14px !important;      \/* Kleinere Schrift *\/\n    \n    letter-spacing: 1px !important;\n    border-radius: 25px !important;\n    min-width: 120px !important;\n    text-align: center !important;\n    box-shadow: 0 4px 6px rgba(0,0,0,0.05) !important;\n    z-index: 2 !important;\n    position: relative !important;\n  }\n\n  @media (max-width: 600px) {\n    .single-image-wrapper img { \n      width: 100% !important; \/* Volle Breite auf dem Smartphone *\/\n    }\n    .info-bar { \n      font-size: 12px !important;\n      padding: 6px 20px !important; \n      margin-top: -10px !important;\n    }\n  }\n<\/style>\t\t\t\t<\/div>\n\t\t\t\t<\/div>\n\t\t\t\t\t<\/div>\n\t\t<\/div>\n\t\t\t\t\t<\/div>\n\t\t<\/section>\n\t\t\t\t<section class=\"elementor-section elementor-top-section elementor-element elementor-element-ac9ce23 elementor-section-boxed elementor-section-height-default elementor-section-height-default\" data-id=\"ac9ce23\" data-element_type=\"section\" data-e-type=\"section\">\n\t\t\t\t\t\t<div class=\"elementor-container elementor-column-gap-default\">\n\t\t\t\t\t<div class=\"elementor-column elementor-col-100 elementor-top-column elementor-element elementor-element-3724281\" data-id=\"3724281\" data-element_type=\"column\" data-e-type=\"column\">\n\t\t\t<div class=\"elementor-widget-wrap elementor-element-populated\">\n\t\t\t\t\t\t<div class=\"elementor-element elementor-element-18ea285 elementor-widget elementor-widget-html\" data-id=\"18ea285\" data-element_type=\"widget\" data-e-type=\"widget\" data-widget_type=\"html.default\">\n\t\t\t\t<div class=\"elementor-widget-container\">\n\t\t\t\t\t<style>\n  .custom-gallery {\n    display: flex;\n    flex-wrap: wrap;\n    gap: 20px;\n    \/* Dies zentriert die gesamte Bildergruppe horizontal *\/\n    justify-content: center; \n    \/* Nutzt die volle verf\u00fcgbare Breite *\/\n    width: 100%;\n    max-width: 100%;\n    margin: 0 auto;\n    padding: 20px 0;\n    box-sizing: border-box;\n  }\n\n  .custom-gallery img {\n    \/* Feste Basisgr\u00f6\u00dfe, damit Bilder gleich gro\u00df bleiben *\/\n    flex: 0 1 250px; \n    \n    \/* Falls nur wenige Bilder da sind, werden sie nicht riesig *\/\n    max-width: 350px; \n    \n    aspect-ratio: 3 \/ 4; \n    object-fit: cover;\n    height: auto;\n\n    \/* WEICHE KANTEN AN ALLEN SEITEN *\/\n    -webkit-mask-image: linear-gradient(to bottom, transparent, black 10%, black 90%, transparent),\n                        linear-gradient(to right, transparent, black 10%, black 90%, transparent);\n    mask-image: linear-gradient(to bottom, transparent, black 10%, black 90%, transparent),\n                linear-gradient(to right, transparent, black 10%, black 90%, transparent);\n    \n    -webkit-mask-composite: source-in;\n    mask-composite: intersect;\n  }\n\n  \/* Responsive: Auf Handys etwas kleiner, damit 2 nebeneinander passen *\/\n  @media (max-width: 600px) {\n    .custom-gallery {\n      gap: 10px;\n    }\n    .custom-gallery img {\n      flex: 0 1 calc(45% - 10px);\n      min-width: 140px;\n    }\n  }\n<\/style>\n\n<div class=\"custom-gallery\">\n  \n  <img decoding=\"async\" src=\"https:\/\/schake-vector.com\/wp-content\/uploads\/2026\/02\/IMG_9809-scaled.jpg\" alt=\"\">\n<\/div>\t\t\t\t<\/div>\n\t\t\t\t<\/div>\n\t\t\t\t\t<\/div>\n\t\t<\/div>\n\t\t\t\t\t<\/div>\n\t\t<\/section>\n\t\t\t\t<\/div>","protected":false},"excerpt":{"rendered":"<p>Erweiterungen Unsere exklusive Kollektion an Plattformen die perfekte Kombination aus Stil, Funktionalit\u00e4t und Vielseitigkeiteine \u00dcberschrift ein Unsere V-Platform&#8217;s bilden die durchdachte Basis [&hellip;]<\/p>\n","protected":false},"author":2,"featured_media":0,"parent":4361,"menu_order":0,"comment_status":"closed","ping_status":"closed","template":"page-templates\/page_front-page.php","meta":{"footnotes":""},"class_list":["post-8940","page","type-page","status-publish","hentry"],"yoast_head":"<!-- This site is optimized with the Yoast SEO plugin v27.3 - https:\/\/yoast.com\/product\/yoast-seo-wordpress\/ -->\n<title>Erweiterungen - VECTOR<\/title>\n<meta name=\"robots\" content=\"index, follow, max-snippet:-1, max-image-preview:large, max-video-preview:-1\" \/>\n<link rel=\"canonical\" href=\"https:\/\/schake-vector.com\/en\/produkte\/erweiterungen\/\" \/>\n<meta property=\"og:locale\" content=\"en_US\" \/>\n<meta property=\"og:type\" content=\"article\" \/>\n<meta property=\"og:title\" content=\"Erweiterungen - VECTOR\" \/>\n<meta property=\"og:description\" content=\"Erweiterungen Unsere exklusive Kollektion an Plattformen die perfekte Kombination aus Stil, Funktionalit\u00e4t und Vielseitigkeiteine \u00dcberschrift ein Unsere V-Platform&#8217;s bilden die durchdachte Basis [&hellip;]\" \/>\n<meta property=\"og:url\" content=\"https:\/\/schake-vector.com\/en\/produkte\/erweiterungen\/\" \/>\n<meta property=\"og:site_name\" content=\"VECTOR\" \/>\n<meta property=\"article:modified_time\" content=\"2026-02-11T07:43:26+00:00\" \/>\n<meta property=\"og:image\" content=\"https:\/\/schake-vector.com\/wp-content\/uploads\/2026\/01\/B003523_Plattformen-scaled-e1770793680417.png\" \/>\n<meta name=\"twitter:card\" content=\"summary_large_image\" \/>\n<meta name=\"twitter:label1\" content=\"Est. reading time\" \/>\n\t<meta name=\"twitter:data1\" content=\"1 minute\" \/>\n<script type=\"application\/ld+json\" class=\"yoast-schema-graph\">{\"@context\":\"https:\\\/\\\/schema.org\",\"@graph\":[{\"@type\":\"WebPage\",\"@id\":\"https:\\\/\\\/schake-vector.com\\\/produkte\\\/erweiterungen\\\/\",\"url\":\"https:\\\/\\\/schake-vector.com\\\/produkte\\\/erweiterungen\\\/\",\"name\":\"Erweiterungen - VECTOR\",\"isPartOf\":{\"@id\":\"https:\\\/\\\/schake-vector.com\\\/#website\"},\"primaryImageOfPage\":{\"@id\":\"https:\\\/\\\/schake-vector.com\\\/produkte\\\/erweiterungen\\\/#primaryimage\"},\"image\":{\"@id\":\"https:\\\/\\\/schake-vector.com\\\/produkte\\\/erweiterungen\\\/#primaryimage\"},\"thumbnailUrl\":\"https:\\\/\\\/schake-vector.com\\\/wp-content\\\/uploads\\\/2026\\\/01\\\/B003523_Plattformen-scaled-e1770793680417.png\",\"datePublished\":\"2026-01-12T13:24:06+00:00\",\"dateModified\":\"2026-02-11T07:43:26+00:00\",\"breadcrumb\":{\"@id\":\"https:\\\/\\\/schake-vector.com\\\/produkte\\\/erweiterungen\\\/#breadcrumb\"},\"inLanguage\":\"en-US\",\"potentialAction\":[{\"@type\":\"ReadAction\",\"target\":[\"https:\\\/\\\/schake-vector.com\\\/produkte\\\/erweiterungen\\\/\"]}]},{\"@type\":\"ImageObject\",\"inLanguage\":\"en-US\",\"@id\":\"https:\\\/\\\/schake-vector.com\\\/produkte\\\/erweiterungen\\\/#primaryimage\",\"url\":\"https:\\\/\\\/schake-vector.com\\\/wp-content\\\/uploads\\\/2026\\\/01\\\/B003523_Plattformen-scaled-e1770793680417.png\",\"contentUrl\":\"https:\\\/\\\/schake-vector.com\\\/wp-content\\\/uploads\\\/2026\\\/01\\\/B003523_Plattformen-scaled-e1770793680417.png\"},{\"@type\":\"BreadcrumbList\",\"@id\":\"https:\\\/\\\/schake-vector.com\\\/produkte\\\/erweiterungen\\\/#breadcrumb\",\"itemListElement\":[{\"@type\":\"ListItem\",\"position\":1,\"name\":\"Home\",\"item\":\"https:\\\/\\\/schake-vector.com\\\/\"},{\"@type\":\"ListItem\",\"position\":2,\"name\":\"Produkte\",\"item\":\"https:\\\/\\\/schake-vector.com\\\/produkte\\\/\"},{\"@type\":\"ListItem\",\"position\":3,\"name\":\"Erweiterungen\"}]},{\"@type\":\"WebSite\",\"@id\":\"https:\\\/\\\/schake-vector.com\\\/#website\",\"url\":\"https:\\\/\\\/schake-vector.com\\\/\",\"name\":\"VECTOR\",\"description\":\"Creative Tech Solutions\",\"publisher\":{\"@id\":\"https:\\\/\\\/schake-vector.com\\\/#organization\"},\"potentialAction\":[{\"@type\":\"SearchAction\",\"target\":{\"@type\":\"EntryPoint\",\"urlTemplate\":\"https:\\\/\\\/schake-vector.com\\\/?s={search_term_string}\"},\"query-input\":{\"@type\":\"PropertyValueSpecification\",\"valueRequired\":true,\"valueName\":\"search_term_string\"}}],\"inLanguage\":\"en-US\"},{\"@type\":\"Organization\",\"@id\":\"https:\\\/\\\/schake-vector.com\\\/#organization\",\"name\":\"Schake-Vector\",\"url\":\"https:\\\/\\\/schake-vector.com\\\/\",\"logo\":{\"@type\":\"ImageObject\",\"inLanguage\":\"en-US\",\"@id\":\"https:\\\/\\\/schake-vector.com\\\/#\\\/schema\\\/logo\\\/image\\\/\",\"url\":\"https:\\\/\\\/schake-vector.com\\\/wp-content\\\/uploads\\\/2021\\\/07\\\/Schake-Vector-Logo-2021_o_HG-1.png\",\"contentUrl\":\"https:\\\/\\\/schake-vector.com\\\/wp-content\\\/uploads\\\/2021\\\/07\\\/Schake-Vector-Logo-2021_o_HG-1.png\",\"width\":1566,\"height\":324,\"caption\":\"Schake-Vector\"},\"image\":{\"@id\":\"https:\\\/\\\/schake-vector.com\\\/#\\\/schema\\\/logo\\\/image\\\/\"},\"sameAs\":[\"https:\\\/\\\/www.instagram.com\\\/schake_vector\\\/\",\"https:\\\/\\\/de.linkedin.com\\\/company\\\/schake-vector\"]}]}<\/script>\n<!-- \/ Yoast SEO plugin. -->","yoast_head_json":{"title":"Erweiterungen - VECTOR","robots":{"index":"index","follow":"follow","max-snippet":"max-snippet:-1","max-image-preview":"max-image-preview:large","max-video-preview":"max-video-preview:-1"},"canonical":"https:\/\/schake-vector.com\/en\/produkte\/erweiterungen\/","og_locale":"en_US","og_type":"article","og_title":"Erweiterungen - VECTOR","og_description":"Erweiterungen Unsere exklusive Kollektion an Plattformen die perfekte Kombination aus Stil, Funktionalit\u00e4t und Vielseitigkeiteine \u00dcberschrift ein Unsere V-Platform&#8217;s bilden die durchdachte Basis [&hellip;]","og_url":"https:\/\/schake-vector.com\/en\/produkte\/erweiterungen\/","og_site_name":"VECTOR","article_modified_time":"2026-02-11T07:43:26+00:00","og_image":[{"url":"https:\/\/schake-vector.com\/wp-content\/uploads\/2026\/01\/B003523_Plattformen-scaled-e1770793680417.png","type":"","width":"","height":""}],"twitter_card":"summary_large_image","twitter_misc":{"Est. reading time":"1 minute"},"schema":{"@context":"https:\/\/schema.org","@graph":[{"@type":"WebPage","@id":"https:\/\/schake-vector.com\/produkte\/erweiterungen\/","url":"https:\/\/schake-vector.com\/produkte\/erweiterungen\/","name":"Erweiterungen - VECTOR","isPartOf":{"@id":"https:\/\/schake-vector.com\/#website"},"primaryImageOfPage":{"@id":"https:\/\/schake-vector.com\/produkte\/erweiterungen\/#primaryimage"},"image":{"@id":"https:\/\/schake-vector.com\/produkte\/erweiterungen\/#primaryimage"},"thumbnailUrl":"https:\/\/schake-vector.com\/wp-content\/uploads\/2026\/01\/B003523_Plattformen-scaled-e1770793680417.png","datePublished":"2026-01-12T13:24:06+00:00","dateModified":"2026-02-11T07:43:26+00:00","breadcrumb":{"@id":"https:\/\/schake-vector.com\/produkte\/erweiterungen\/#breadcrumb"},"inLanguage":"en-US","potentialAction":[{"@type":"ReadAction","target":["https:\/\/schake-vector.com\/produkte\/erweiterungen\/"]}]},{"@type":"ImageObject","inLanguage":"en-US","@id":"https:\/\/schake-vector.com\/produkte\/erweiterungen\/#primaryimage","url":"https:\/\/schake-vector.com\/wp-content\/uploads\/2026\/01\/B003523_Plattformen-scaled-e1770793680417.png","contentUrl":"https:\/\/schake-vector.com\/wp-content\/uploads\/2026\/01\/B003523_Plattformen-scaled-e1770793680417.png"},{"@type":"BreadcrumbList","@id":"https:\/\/schake-vector.com\/produkte\/erweiterungen\/#breadcrumb","itemListElement":[{"@type":"ListItem","position":1,"name":"Home","item":"https:\/\/schake-vector.com\/"},{"@type":"ListItem","position":2,"name":"Produkte","item":"https:\/\/schake-vector.com\/produkte\/"},{"@type":"ListItem","position":3,"name":"Erweiterungen"}]},{"@type":"WebSite","@id":"https:\/\/schake-vector.com\/#website","url":"https:\/\/schake-vector.com\/","name":"VECTOR","description":"Creative Tech Solutions","publisher":{"@id":"https:\/\/schake-vector.com\/#organization"},"potentialAction":[{"@type":"SearchAction","target":{"@type":"EntryPoint","urlTemplate":"https:\/\/schake-vector.com\/?s={search_term_string}"},"query-input":{"@type":"PropertyValueSpecification","valueRequired":true,"valueName":"search_term_string"}}],"inLanguage":"en-US"},{"@type":"Organization","@id":"https:\/\/schake-vector.com\/#organization","name":"Schake-Vector","url":"https:\/\/schake-vector.com\/","logo":{"@type":"ImageObject","inLanguage":"en-US","@id":"https:\/\/schake-vector.com\/#\/schema\/logo\/image\/","url":"https:\/\/schake-vector.com\/wp-content\/uploads\/2021\/07\/Schake-Vector-Logo-2021_o_HG-1.png","contentUrl":"https:\/\/schake-vector.com\/wp-content\/uploads\/2021\/07\/Schake-Vector-Logo-2021_o_HG-1.png","width":1566,"height":324,"caption":"Schake-Vector"},"image":{"@id":"https:\/\/schake-vector.com\/#\/schema\/logo\/image\/"},"sameAs":["https:\/\/www.instagram.com\/schake_vector\/","https:\/\/de.linkedin.com\/company\/schake-vector"]}]}},"_links":{"self":[{"href":"https:\/\/schake-vector.com\/en\/wp-json\/wp\/v2\/pages\/8940","targetHints":{"allow":["GET"]}}],"collection":[{"href":"https:\/\/schake-vector.com\/en\/wp-json\/wp\/v2\/pages"}],"about":[{"href":"https:\/\/schake-vector.com\/en\/wp-json\/wp\/v2\/types\/page"}],"author":[{"embeddable":true,"href":"https:\/\/schake-vector.com\/en\/wp-json\/wp\/v2\/users\/2"}],"replies":[{"embeddable":true,"href":"https:\/\/schake-vector.com\/en\/wp-json\/wp\/v2\/comments?post=8940"}],"version-history":[{"count":9,"href":"https:\/\/schake-vector.com\/en\/wp-json\/wp\/v2\/pages\/8940\/revisions"}],"predecessor-version":[{"id":9467,"href":"https:\/\/schake-vector.com\/en\/wp-json\/wp\/v2\/pages\/8940\/revisions\/9467"}],"up":[{"embeddable":true,"href":"https:\/\/schake-vector.com\/en\/wp-json\/wp\/v2\/pages\/4361"}],"wp:attachment":[{"href":"https:\/\/schake-vector.com\/en\/wp-json\/wp\/v2\/media?parent=8940"}],"curies":[{"name":"wp","href":"https:\/\/api.w.org\/{rel}","templated":true}]}}