{"id":7687,"date":"2022-10-21T14:18:46","date_gmt":"2022-10-21T12:18:46","guid":{"rendered":"https:\/\/schake-vector.com\/?page_id=7687"},"modified":"2026-01-09T15:05:57","modified_gmt":"2026-01-09T14:05:57","slug":"v-office","status":"publish","type":"page","link":"https:\/\/schake-vector.com\/en\/produkte\/raumsysteme\/v-office\/","title":{"rendered":"V-Office"},"content":{"rendered":"<div data-elementor-type=\"wp-page\" data-elementor-id=\"7687\" class=\"elementor elementor-7687\">\n\t\t\t\t\t\t<section class=\"elementor-section elementor-top-section elementor-element elementor-element-158cff7 elementor-section-full_width elementor-section-stretched elementor-section-height-default elementor-section-height-default\" data-id=\"158cff7\" data-element_type=\"section\" data-e-type=\"section\" data-settings=\"{&quot;stretch_section&quot;:&quot;section-stretched&quot;}\">\n\t\t\t\t\t\t<div class=\"elementor-container elementor-column-gap-default\">\n\t\t\t\t\t<div class=\"elementor-column elementor-col-100 elementor-top-column elementor-element elementor-element-02a1111\" data-id=\"02a1111\" data-element_type=\"column\" data-e-type=\"column\">\n\t\t\t<div class=\"elementor-widget-wrap elementor-element-populated\">\n\t\t\t\t\t\t<div class=\"elementor-element elementor-element-2e13d00 elementor-widget elementor-widget-heading\" data-id=\"2e13d00\" data-element_type=\"widget\" data-e-type=\"widget\" data-widget_type=\"heading.default\">\n\t\t\t\t<div class=\"elementor-widget-container\">\n\t\t\t\t\t<h1 class=\"elementor-heading-title elementor-size-default\">V-OFFICE<\/h1>\t\t\t\t<\/div>\n\t\t\t\t<\/div>\n\t\t\t\t\t<\/div>\n\t\t<\/div>\n\t\t\t\t\t<\/div>\n\t\t<\/section>\n\t\t\t\t<section class=\"elementor-section elementor-top-section elementor-element elementor-element-c3a9b9e elementor-section-boxed elementor-section-height-default elementor-section-height-default\" data-id=\"c3a9b9e\" data-element_type=\"section\" data-e-type=\"section\">\n\t\t\t\t\t\t<div class=\"elementor-container elementor-column-gap-default\">\n\t\t\t\t\t<div class=\"elementor-column elementor-col-100 elementor-top-column elementor-element elementor-element-29db31b\" data-id=\"29db31b\" data-element_type=\"column\" data-e-type=\"column\">\n\t\t\t<div class=\"elementor-widget-wrap elementor-element-populated\">\n\t\t\t\t\t\t<div class=\"elementor-element elementor-element-c0f1a79 elementor-widget elementor-widget-text-editor\" data-id=\"c0f1a79\" data-element_type=\"widget\" data-e-type=\"widget\" data-widget_type=\"text-editor.default\">\n\t\t\t\t<div class=\"elementor-widget-container\">\n\t\t\t\t\t\t\t\t\t<p>The V-Office is a way to integrate a mobile office on the construction site or exhibition grounds. Working undisturbed or holding meetings is easily possible in the V-Office.<\/p>\t\t\t\t\t\t\t\t<\/div>\n\t\t\t\t<\/div>\n\t\t\t\t\t<\/div>\n\t\t<\/div>\n\t\t\t\t\t<\/div>\n\t\t<\/section>\n\t\t\t\t<section class=\"elementor-section elementor-top-section elementor-element elementor-element-51f32fd elementor-section-full_width elementor-section-stretched elementor-section-height-default elementor-section-height-default\" data-id=\"51f32fd\" data-element_type=\"section\" data-e-type=\"section\" data-settings=\"{&quot;stretch_section&quot;:&quot;section-stretched&quot;}\">\n\t\t\t\t\t\t<div class=\"elementor-container elementor-column-gap-default\">\n\t\t\t\t\t<div class=\"elementor-column elementor-col-100 elementor-top-column elementor-element elementor-element-4aba1be\" data-id=\"4aba1be\" data-element_type=\"column\" data-e-type=\"column\">\n\t\t\t<div class=\"elementor-widget-wrap elementor-element-populated\">\n\t\t\t\t\t\t<div class=\"elementor-element elementor-element-d1461c2 elementor-widget elementor-widget-image\" data-id=\"d1461c2\" data-element_type=\"widget\" data-e-type=\"widget\" data-widget_type=\"image.default\">\n\t\t\t\t<div class=\"elementor-widget-container\">\n\t\t\t\t\t\t\t\t\t\t\t\t\t\t\t<img fetchpriority=\"high\" decoding=\"async\" width=\"258\" height=\"300\" src=\"https:\/\/schake-vector.com\/wp-content\/uploads\/2022\/10\/VPOF22VOO0126_10-e1666355923201-258x300.png\" class=\"attachment-medium size-medium wp-image-7693\" alt=\"\" srcset=\"https:\/\/schake-vector.com\/wp-content\/uploads\/2022\/10\/VPOF22VOO0126_10-e1666355923201-258x300.png 258w, https:\/\/schake-vector.com\/wp-content\/uploads\/2022\/10\/VPOF22VOO0126_10-e1666355923201-10x12.png 10w, https:\/\/schake-vector.com\/wp-content\/uploads\/2022\/10\/VPOF22VOO0126_10-e1666355923201-230x268.png 230w, https:\/\/schake-vector.com\/wp-content\/uploads\/2022\/10\/VPOF22VOO0126_10-e1666355923201-350x407.png 350w, https:\/\/schake-vector.com\/wp-content\/uploads\/2022\/10\/VPOF22VOO0126_10-e1666355923201-480x559.png 480w, https:\/\/schake-vector.com\/wp-content\/uploads\/2022\/10\/VPOF22VOO0126_10-e1666355923201.png 549w\" sizes=\"(max-width: 258px) 100vw, 258px\" \/>\t\t\t\t\t\t\t\t\t\t\t\t\t\t\t<\/div>\n\t\t\t\t<\/div>\n\t\t\t\t\t<\/div>\n\t\t<\/div>\n\t\t\t\t\t<\/div>\n\t\t<\/section>\n\t\t\t\t<section class=\"elementor-section elementor-top-section elementor-element elementor-element-5be6f5d elementor-section-full_width elementor-section-content-bottom elementor-section-height-default elementor-section-height-default\" data-id=\"5be6f5d\" data-element_type=\"section\" data-e-type=\"section\">\n\t\t\t\t\t\t<div class=\"elementor-container elementor-column-gap-default\">\n\t\t\t\t\t<div class=\"elementor-column elementor-col-100 elementor-top-column elementor-element elementor-element-00ef9ce\" data-id=\"00ef9ce\" data-element_type=\"column\" data-e-type=\"column\">\n\t\t\t<div class=\"elementor-widget-wrap elementor-element-populated\">\n\t\t\t\t\t\t<div class=\"elementor-element elementor-element-c19c2eb elementor-widget elementor-widget-image\" data-id=\"c19c2eb\" data-element_type=\"widget\" data-e-type=\"widget\" data-widget_type=\"image.default\">\n\t\t\t\t<div class=\"elementor-widget-container\">\n\t\t\t\t\t\t\t\t\t\t\t\t\t\t\t<img decoding=\"async\" width=\"768\" height=\"366\" src=\"https:\/\/schake-vector.com\/wp-content\/uploads\/2022\/11\/VPOF22VOO0126_9-e1668761906858-768x366.png\" class=\"attachment-medium_large size-medium_large wp-image-7754\" alt=\"\" srcset=\"https:\/\/schake-vector.com\/wp-content\/uploads\/2022\/11\/VPOF22VOO0126_9-e1668761906858-768x366.png 768w, https:\/\/schake-vector.com\/wp-content\/uploads\/2022\/11\/VPOF22VOO0126_9-e1668761906858-300x143.png 300w, https:\/\/schake-vector.com\/wp-content\/uploads\/2022\/11\/VPOF22VOO0126_9-e1668761906858-1024x489.png 1024w, https:\/\/schake-vector.com\/wp-content\/uploads\/2022\/11\/VPOF22VOO0126_9-e1668761906858-1536x733.png 1536w, https:\/\/schake-vector.com\/wp-content\/uploads\/2022\/11\/VPOF22VOO0126_9-e1668761906858-18x9.png 18w, https:\/\/schake-vector.com\/wp-content\/uploads\/2022\/11\/VPOF22VOO0126_9-e1668761906858-1000x477.png 1000w, https:\/\/schake-vector.com\/wp-content\/uploads\/2022\/11\/VPOF22VOO0126_9-e1668761906858-230x110.png 230w, https:\/\/schake-vector.com\/wp-content\/uploads\/2022\/11\/VPOF22VOO0126_9-e1668761906858-350x167.png 350w, https:\/\/schake-vector.com\/wp-content\/uploads\/2022\/11\/VPOF22VOO0126_9-e1668761906858-480x229.png 480w, https:\/\/schake-vector.com\/wp-content\/uploads\/2022\/11\/VPOF22VOO0126_9-e1668761906858.png 1920w\" sizes=\"(max-width: 768px) 100vw, 768px\" \/>\t\t\t\t\t\t\t\t\t\t\t\t\t\t\t<\/div>\n\t\t\t\t<\/div>\n\t\t\t\t\t<\/div>\n\t\t<\/div>\n\t\t\t\t\t<\/div>\n\t\t<\/section>\n\t\t\t\t<section class=\"elementor-section elementor-top-section elementor-element elementor-element-59d7b30 elementor-section-full_width elementor-section-stretched elementor-section-height-default elementor-section-height-default\" data-id=\"59d7b30\" data-element_type=\"section\" data-e-type=\"section\" data-settings=\"{&quot;stretch_section&quot;:&quot;section-stretched&quot;}\">\n\t\t\t\t\t\t<div class=\"elementor-container elementor-column-gap-default\">\n\t\t\t\t\t<div class=\"elementor-column elementor-col-100 elementor-top-column elementor-element elementor-element-00cc29b\" data-id=\"00cc29b\" data-element_type=\"column\" data-e-type=\"column\">\n\t\t\t<div class=\"elementor-widget-wrap elementor-element-populated\">\n\t\t\t\t\t\t<div class=\"elementor-element elementor-element-2ba122c elementor-widget-divider--view-line_text elementor-widget-divider--element-align-center elementor-widget elementor-widget-divider\" data-id=\"2ba122c\" data-element_type=\"widget\" data-e-type=\"widget\" data-widget_type=\"divider.default\">\n\t\t\t\t<div class=\"elementor-widget-container\">\n\t\t\t\t\t\t\t<div class=\"elementor-divider\">\n\t\t\t<span class=\"elementor-divider-separator\">\n\t\t\t\t\t\t\t<span class=\"elementor-divider__text elementor-divider__element\">\n\t\t\t\tTechnical data\t\t\t\t<\/span>\n\t\t\t\t\t\t<\/span>\n\t\t<\/div>\n\t\t\t\t\t\t<\/div>\n\t\t\t\t<\/div>\n\t\t\t\t\t<\/div>\n\t\t<\/div>\n\t\t\t\t\t<\/div>\n\t\t<\/section>\n\t\t\t\t<section class=\"elementor-section elementor-top-section elementor-element elementor-element-c58c2ca elementor-section-boxed elementor-section-height-default elementor-section-height-default\" data-id=\"c58c2ca\" data-element_type=\"section\" data-e-type=\"section\">\n\t\t\t\t\t\t<div class=\"elementor-container elementor-column-gap-default\">\n\t\t\t\t\t<div class=\"elementor-column elementor-col-100 elementor-top-column elementor-element elementor-element-fb1f5c2\" data-id=\"fb1f5c2\" data-element_type=\"column\" data-e-type=\"column\">\n\t\t\t<div class=\"elementor-widget-wrap elementor-element-populated\">\n\t\t\t\t\t\t<div class=\"elementor-element elementor-element-cdcf0ff elementor-widget elementor-widget-text-editor\" data-id=\"cdcf0ff\" data-element_type=\"widget\" data-e-type=\"widget\" data-widget_type=\"text-editor.default\">\n\t\t\t\t<div class=\"elementor-widget-container\">\n\t\t\t\t\t\t\t\t\t<p><span style=\"text-decoration: underline;\">Dimensions<\/span><\/p><p>Dimensions LxWxH 2.00\u00d72.00\u00d72.41 m<br \/>Weight 1620 kg<\/p><p><span style=\"text-decoration: underline;\">General characteristics<\/span><\/p><p>Connection via 230 V CEE plug<br \/>Lockable access to the electronics<br \/>Insulated side walls<br \/>Scratch-resistant polycarbonate panes<br \/>Lockable glass door<br \/>Writable infrared heating panel<br \/>Height-adjustable table<br \/>LED panel<br \/>Integrated earthing contact sockets<\/p><p><span style=\"text-decoration: underline;\">Platform<\/span><\/p><p>Forklift pockets<br \/>Non-slip concrete flooring<br \/>Levelling feet<br \/>Crane eyes<\/p>\t\t\t\t\t\t\t\t<\/div>\n\t\t\t\t<\/div>\n\t\t\t\t\t<\/div>\n\t\t<\/div>\n\t\t\t\t\t<\/div>\n\t\t<\/section>\n\t\t\t\t<section class=\"elementor-section elementor-top-section elementor-element elementor-element-bdcd84f elementor-section-boxed elementor-section-height-default elementor-section-height-default\" data-id=\"bdcd84f\" data-element_type=\"section\" data-e-type=\"section\">\n\t\t\t\t\t\t<div class=\"elementor-container elementor-column-gap-default\">\n\t\t\t\t\t<div class=\"elementor-column elementor-col-50 elementor-top-column elementor-element elementor-element-9cd6cf0\" data-id=\"9cd6cf0\" data-element_type=\"column\" data-e-type=\"column\">\n\t\t\t<div class=\"elementor-widget-wrap elementor-element-populated\">\n\t\t\t\t\t\t<div class=\"elementor-element elementor-element-7be3fc2 elementor-widget elementor-widget-image\" data-id=\"7be3fc2\" data-element_type=\"widget\" data-e-type=\"widget\" data-widget_type=\"image.default\">\n\t\t\t\t<div class=\"elementor-widget-container\">\n\t\t\t\t\t\t\t\t\t\t\t\t\t\t\t<img decoding=\"async\" width=\"768\" height=\"902\" src=\"https:\/\/schake-vector.com\/wp-content\/uploads\/2022\/11\/IMG_8589_bearbeitet-scaled-e1668762567837-768x902.jpg\" class=\"attachment-medium_large size-medium_large wp-image-7781\" alt=\"\" srcset=\"https:\/\/schake-vector.com\/wp-content\/uploads\/2022\/11\/IMG_8589_bearbeitet-scaled-e1668762567837-768x902.jpg 768w, https:\/\/schake-vector.com\/wp-content\/uploads\/2022\/11\/IMG_8589_bearbeitet-scaled-e1668762567837-255x300.jpg 255w, https:\/\/schake-vector.com\/wp-content\/uploads\/2022\/11\/IMG_8589_bearbeitet-scaled-e1668762567837-872x1024.jpg 872w, https:\/\/schake-vector.com\/wp-content\/uploads\/2022\/11\/IMG_8589_bearbeitet-scaled-e1668762567837-1308x1536.jpg 1308w, https:\/\/schake-vector.com\/wp-content\/uploads\/2022\/11\/IMG_8589_bearbeitet-scaled-e1668762567837-1743x2048.jpg 1743w, https:\/\/schake-vector.com\/wp-content\/uploads\/2022\/11\/IMG_8589_bearbeitet-scaled-e1668762567837-10x12.jpg 10w, https:\/\/schake-vector.com\/wp-content\/uploads\/2022\/11\/IMG_8589_bearbeitet-scaled-e1668762567837-1000x1175.jpg 1000w, https:\/\/schake-vector.com\/wp-content\/uploads\/2022\/11\/IMG_8589_bearbeitet-scaled-e1668762567837-230x270.jpg 230w, https:\/\/schake-vector.com\/wp-content\/uploads\/2022\/11\/IMG_8589_bearbeitet-scaled-e1668762567837-350x411.jpg 350w, https:\/\/schake-vector.com\/wp-content\/uploads\/2022\/11\/IMG_8589_bearbeitet-scaled-e1668762567837-480x564.jpg 480w, https:\/\/schake-vector.com\/wp-content\/uploads\/2022\/11\/IMG_8589_bearbeitet-scaled-e1668762567837.jpg 2026w\" sizes=\"(max-width: 768px) 100vw, 768px\" \/>\t\t\t\t\t\t\t\t\t\t\t\t\t\t\t<\/div>\n\t\t\t\t<\/div>\n\t\t\t\t\t<\/div>\n\t\t<\/div>\n\t\t\t\t<div class=\"elementor-column elementor-col-50 elementor-top-column elementor-element elementor-element-472d8ba\" data-id=\"472d8ba\" data-element_type=\"column\" data-e-type=\"column\">\n\t\t\t<div class=\"elementor-widget-wrap elementor-element-populated\">\n\t\t\t\t\t\t<div class=\"elementor-element elementor-element-f40490a elementor-widget elementor-widget-image\" data-id=\"f40490a\" data-element_type=\"widget\" data-e-type=\"widget\" data-widget_type=\"image.default\">\n\t\t\t\t<div class=\"elementor-widget-container\">\n\t\t\t\t\t\t\t\t\t\t\t\t\t\t\t<img loading=\"lazy\" decoding=\"async\" width=\"683\" height=\"1024\" src=\"https:\/\/schake-vector.com\/wp-content\/uploads\/2022\/12\/Podcast-Lounge_Future-of-Festivals2-683x1024.jpg\" class=\"attachment-large size-large wp-image-7912\" alt=\"\" srcset=\"https:\/\/schake-vector.com\/wp-content\/uploads\/2022\/12\/Podcast-Lounge_Future-of-Festivals2-683x1024.jpg 683w, https:\/\/schake-vector.com\/wp-content\/uploads\/2022\/12\/Podcast-Lounge_Future-of-Festivals2-200x300.jpg 200w, https:\/\/schake-vector.com\/wp-content\/uploads\/2022\/12\/Podcast-Lounge_Future-of-Festivals2-768x1152.jpg 768w, https:\/\/schake-vector.com\/wp-content\/uploads\/2022\/12\/Podcast-Lounge_Future-of-Festivals2-1024x1536.jpg 1024w, https:\/\/schake-vector.com\/wp-content\/uploads\/2022\/12\/Podcast-Lounge_Future-of-Festivals2-1365x2048.jpg 1365w, https:\/\/schake-vector.com\/wp-content\/uploads\/2022\/12\/Podcast-Lounge_Future-of-Festivals2-8x12.jpg 8w, https:\/\/schake-vector.com\/wp-content\/uploads\/2022\/12\/Podcast-Lounge_Future-of-Festivals2-1000x1500.jpg 1000w, https:\/\/schake-vector.com\/wp-content\/uploads\/2022\/12\/Podcast-Lounge_Future-of-Festivals2-230x345.jpg 230w, https:\/\/schake-vector.com\/wp-content\/uploads\/2022\/12\/Podcast-Lounge_Future-of-Festivals2-350x525.jpg 350w, https:\/\/schake-vector.com\/wp-content\/uploads\/2022\/12\/Podcast-Lounge_Future-of-Festivals2-480x720.jpg 480w, https:\/\/schake-vector.com\/wp-content\/uploads\/2022\/12\/Podcast-Lounge_Future-of-Festivals2-scaled.jpg 1707w\" sizes=\"(max-width: 683px) 100vw, 683px\" \/>\t\t\t\t\t\t\t\t\t\t\t\t\t\t\t<\/div>\n\t\t\t\t<\/div>\n\t\t\t\t\t<\/div>\n\t\t<\/div>\n\t\t\t\t\t<\/div>\n\t\t<\/section>\n\t\t\t\t<\/div>","protected":false},"excerpt":{"rendered":"<p>V-OFFICE Das V-Office ist eine M\u00f6glichkeit, ein B\u00fcro auf die Baustelle oder Messegel\u00e4nde mobil zu integrieren. Ungest\u00f6rtes arbeiten oder abhalten von Besprechungen [&hellip;]<\/p>\n","protected":false},"author":2,"featured_media":0,"parent":4872,"menu_order":0,"comment_status":"closed","ping_status":"closed","template":"page-templates\/page_front-page.php","meta":{"footnotes":""},"class_list":["post-7687","page","type-page","status-publish","hentry"],"yoast_head":"<!-- This site is optimized with the Yoast SEO plugin v27.3 - https:\/\/yoast.com\/product\/yoast-seo-wordpress\/ -->\n<title>V-Office - VECTOR<\/title>\n<meta name=\"robots\" content=\"index, follow, max-snippet:-1, max-image-preview:large, max-video-preview:-1\" \/>\n<link rel=\"canonical\" href=\"https:\/\/schake-vector.com\/en\/produkte\/raumsysteme\/v-office\/\" \/>\n<meta property=\"og:locale\" content=\"en_US\" \/>\n<meta property=\"og:type\" content=\"article\" \/>\n<meta property=\"og:title\" content=\"V-Office - VECTOR\" \/>\n<meta property=\"og:description\" content=\"V-OFFICE Das V-Office ist eine M\u00f6glichkeit, ein B\u00fcro auf die Baustelle oder Messegel\u00e4nde mobil zu integrieren. Ungest\u00f6rtes arbeiten oder abhalten von Besprechungen [&hellip;]\" \/>\n<meta property=\"og:url\" content=\"https:\/\/schake-vector.com\/en\/produkte\/raumsysteme\/v-office\/\" \/>\n<meta property=\"og:site_name\" content=\"VECTOR\" \/>\n<meta property=\"article:modified_time\" content=\"2026-01-09T14:05:57+00:00\" \/>\n<meta property=\"og:image\" content=\"https:\/\/schake-vector.com\/wp-content\/uploads\/2022\/10\/VPOF22VOO0126_10-e1666355923201.png\" \/>\n\t<meta property=\"og:image:width\" content=\"549\" \/>\n\t<meta property=\"og:image:height\" content=\"639\" \/>\n\t<meta property=\"og:image:type\" content=\"image\/png\" \/>\n<meta name=\"twitter:card\" content=\"summary_large_image\" \/>\n<script type=\"application\/ld+json\" class=\"yoast-schema-graph\">{\"@context\":\"https:\\\/\\\/schema.org\",\"@graph\":[{\"@type\":\"WebPage\",\"@id\":\"https:\\\/\\\/schake-vector.com\\\/produkte\\\/raumsysteme\\\/v-office\\\/\",\"url\":\"https:\\\/\\\/schake-vector.com\\\/produkte\\\/raumsysteme\\\/v-office\\\/\",\"name\":\"V-Office - VECTOR\",\"isPartOf\":{\"@id\":\"https:\\\/\\\/schake-vector.com\\\/#website\"},\"primaryImageOfPage\":{\"@id\":\"https:\\\/\\\/schake-vector.com\\\/produkte\\\/raumsysteme\\\/v-office\\\/#primaryimage\"},\"image\":{\"@id\":\"https:\\\/\\\/schake-vector.com\\\/produkte\\\/raumsysteme\\\/v-office\\\/#primaryimage\"},\"thumbnailUrl\":\"https:\\\/\\\/schake-vector.com\\\/wp-content\\\/uploads\\\/2022\\\/10\\\/VPOF22VOO0126_10-e1666355923201-258x300.png\",\"datePublished\":\"2022-10-21T12:18:46+00:00\",\"dateModified\":\"2026-01-09T14:05:57+00:00\",\"breadcrumb\":{\"@id\":\"https:\\\/\\\/schake-vector.com\\\/produkte\\\/raumsysteme\\\/v-office\\\/#breadcrumb\"},\"inLanguage\":\"en-US\",\"potentialAction\":[{\"@type\":\"ReadAction\",\"target\":[\"https:\\\/\\\/schake-vector.com\\\/produkte\\\/raumsysteme\\\/v-office\\\/\"]}]},{\"@type\":\"ImageObject\",\"inLanguage\":\"en-US\",\"@id\":\"https:\\\/\\\/schake-vector.com\\\/produkte\\\/raumsysteme\\\/v-office\\\/#primaryimage\",\"url\":\"https:\\\/\\\/schake-vector.com\\\/wp-content\\\/uploads\\\/2022\\\/10\\\/VPOF22VOO0126_10-e1666355923201-258x300.png\",\"contentUrl\":\"https:\\\/\\\/schake-vector.com\\\/wp-content\\\/uploads\\\/2022\\\/10\\\/VPOF22VOO0126_10-e1666355923201-258x300.png\"},{\"@type\":\"BreadcrumbList\",\"@id\":\"https:\\\/\\\/schake-vector.com\\\/produkte\\\/raumsysteme\\\/v-office\\\/#breadcrumb\",\"itemListElement\":[{\"@type\":\"ListItem\",\"position\":1,\"name\":\"Home\",\"item\":\"https:\\\/\\\/schake-vector.com\\\/\"},{\"@type\":\"ListItem\",\"position\":2,\"name\":\"Produkte\",\"item\":\"https:\\\/\\\/schake-vector.com\\\/produkte\\\/\"},{\"@type\":\"ListItem\",\"position\":3,\"name\":\"Raumsysteme\",\"item\":\"https:\\\/\\\/schake-vector.com\\\/produkte\\\/raumsysteme\\\/\"},{\"@type\":\"ListItem\",\"position\":4,\"name\":\"V-Office\"}]},{\"@type\":\"WebSite\",\"@id\":\"https:\\\/\\\/schake-vector.com\\\/#website\",\"url\":\"https:\\\/\\\/schake-vector.com\\\/\",\"name\":\"VECTOR\",\"description\":\"Creative Tech Solutions\",\"publisher\":{\"@id\":\"https:\\\/\\\/schake-vector.com\\\/#organization\"},\"potentialAction\":[{\"@type\":\"SearchAction\",\"target\":{\"@type\":\"EntryPoint\",\"urlTemplate\":\"https:\\\/\\\/schake-vector.com\\\/?s={search_term_string}\"},\"query-input\":{\"@type\":\"PropertyValueSpecification\",\"valueRequired\":true,\"valueName\":\"search_term_string\"}}],\"inLanguage\":\"en-US\"},{\"@type\":\"Organization\",\"@id\":\"https:\\\/\\\/schake-vector.com\\\/#organization\",\"name\":\"Schake-Vector\",\"url\":\"https:\\\/\\\/schake-vector.com\\\/\",\"logo\":{\"@type\":\"ImageObject\",\"inLanguage\":\"en-US\",\"@id\":\"https:\\\/\\\/schake-vector.com\\\/#\\\/schema\\\/logo\\\/image\\\/\",\"url\":\"https:\\\/\\\/schake-vector.com\\\/wp-content\\\/uploads\\\/2021\\\/07\\\/Schake-Vector-Logo-2021_o_HG-1.png\",\"contentUrl\":\"https:\\\/\\\/schake-vector.com\\\/wp-content\\\/uploads\\\/2021\\\/07\\\/Schake-Vector-Logo-2021_o_HG-1.png\",\"width\":1566,\"height\":324,\"caption\":\"Schake-Vector\"},\"image\":{\"@id\":\"https:\\\/\\\/schake-vector.com\\\/#\\\/schema\\\/logo\\\/image\\\/\"},\"sameAs\":[\"https:\\\/\\\/www.instagram.com\\\/schake_vector\\\/\",\"https:\\\/\\\/de.linkedin.com\\\/company\\\/schake-vector\"]}]}<\/script>\n<!-- \/ Yoast SEO plugin. -->","yoast_head_json":{"title":"V-Office - VECTOR","robots":{"index":"index","follow":"follow","max-snippet":"max-snippet:-1","max-image-preview":"max-image-preview:large","max-video-preview":"max-video-preview:-1"},"canonical":"https:\/\/schake-vector.com\/en\/produkte\/raumsysteme\/v-office\/","og_locale":"en_US","og_type":"article","og_title":"V-Office - VECTOR","og_description":"V-OFFICE Das V-Office ist eine M\u00f6glichkeit, ein B\u00fcro auf die Baustelle oder Messegel\u00e4nde mobil zu integrieren. Ungest\u00f6rtes arbeiten oder abhalten von Besprechungen [&hellip;]","og_url":"https:\/\/schake-vector.com\/en\/produkte\/raumsysteme\/v-office\/","og_site_name":"VECTOR","article_modified_time":"2026-01-09T14:05:57+00:00","og_image":[{"width":549,"height":639,"url":"https:\/\/schake-vector.com\/wp-content\/uploads\/2022\/10\/VPOF22VOO0126_10-e1666355923201.png","type":"image\/png"}],"twitter_card":"summary_large_image","schema":{"@context":"https:\/\/schema.org","@graph":[{"@type":"WebPage","@id":"https:\/\/schake-vector.com\/produkte\/raumsysteme\/v-office\/","url":"https:\/\/schake-vector.com\/produkte\/raumsysteme\/v-office\/","name":"V-Office - VECTOR","isPartOf":{"@id":"https:\/\/schake-vector.com\/#website"},"primaryImageOfPage":{"@id":"https:\/\/schake-vector.com\/produkte\/raumsysteme\/v-office\/#primaryimage"},"image":{"@id":"https:\/\/schake-vector.com\/produkte\/raumsysteme\/v-office\/#primaryimage"},"thumbnailUrl":"https:\/\/schake-vector.com\/wp-content\/uploads\/2022\/10\/VPOF22VOO0126_10-e1666355923201-258x300.png","datePublished":"2022-10-21T12:18:46+00:00","dateModified":"2026-01-09T14:05:57+00:00","breadcrumb":{"@id":"https:\/\/schake-vector.com\/produkte\/raumsysteme\/v-office\/#breadcrumb"},"inLanguage":"en-US","potentialAction":[{"@type":"ReadAction","target":["https:\/\/schake-vector.com\/produkte\/raumsysteme\/v-office\/"]}]},{"@type":"ImageObject","inLanguage":"en-US","@id":"https:\/\/schake-vector.com\/produkte\/raumsysteme\/v-office\/#primaryimage","url":"https:\/\/schake-vector.com\/wp-content\/uploads\/2022\/10\/VPOF22VOO0126_10-e1666355923201-258x300.png","contentUrl":"https:\/\/schake-vector.com\/wp-content\/uploads\/2022\/10\/VPOF22VOO0126_10-e1666355923201-258x300.png"},{"@type":"BreadcrumbList","@id":"https:\/\/schake-vector.com\/produkte\/raumsysteme\/v-office\/#breadcrumb","itemListElement":[{"@type":"ListItem","position":1,"name":"Home","item":"https:\/\/schake-vector.com\/"},{"@type":"ListItem","position":2,"name":"Produkte","item":"https:\/\/schake-vector.com\/produkte\/"},{"@type":"ListItem","position":3,"name":"Raumsysteme","item":"https:\/\/schake-vector.com\/produkte\/raumsysteme\/"},{"@type":"ListItem","position":4,"name":"V-Office"}]},{"@type":"WebSite","@id":"https:\/\/schake-vector.com\/#website","url":"https:\/\/schake-vector.com\/","name":"VECTOR","description":"Creative Tech Solutions","publisher":{"@id":"https:\/\/schake-vector.com\/#organization"},"potentialAction":[{"@type":"SearchAction","target":{"@type":"EntryPoint","urlTemplate":"https:\/\/schake-vector.com\/?s={search_term_string}"},"query-input":{"@type":"PropertyValueSpecification","valueRequired":true,"valueName":"search_term_string"}}],"inLanguage":"en-US"},{"@type":"Organization","@id":"https:\/\/schake-vector.com\/#organization","name":"Schake-Vector","url":"https:\/\/schake-vector.com\/","logo":{"@type":"ImageObject","inLanguage":"en-US","@id":"https:\/\/schake-vector.com\/#\/schema\/logo\/image\/","url":"https:\/\/schake-vector.com\/wp-content\/uploads\/2021\/07\/Schake-Vector-Logo-2021_o_HG-1.png","contentUrl":"https:\/\/schake-vector.com\/wp-content\/uploads\/2021\/07\/Schake-Vector-Logo-2021_o_HG-1.png","width":1566,"height":324,"caption":"Schake-Vector"},"image":{"@id":"https:\/\/schake-vector.com\/#\/schema\/logo\/image\/"},"sameAs":["https:\/\/www.instagram.com\/schake_vector\/","https:\/\/de.linkedin.com\/company\/schake-vector"]}]}},"_links":{"self":[{"href":"https:\/\/schake-vector.com\/en\/wp-json\/wp\/v2\/pages\/7687","targetHints":{"allow":["GET"]}}],"collection":[{"href":"https:\/\/schake-vector.com\/en\/wp-json\/wp\/v2\/pages"}],"about":[{"href":"https:\/\/schake-vector.com\/en\/wp-json\/wp\/v2\/types\/page"}],"author":[{"embeddable":true,"href":"https:\/\/schake-vector.com\/en\/wp-json\/wp\/v2\/users\/2"}],"replies":[{"embeddable":true,"href":"https:\/\/schake-vector.com\/en\/wp-json\/wp\/v2\/comments?post=7687"}],"version-history":[{"count":80,"href":"https:\/\/schake-vector.com\/en\/wp-json\/wp\/v2\/pages\/7687\/revisions"}],"predecessor-version":[{"id":8883,"href":"https:\/\/schake-vector.com\/en\/wp-json\/wp\/v2\/pages\/7687\/revisions\/8883"}],"up":[{"embeddable":true,"href":"https:\/\/schake-vector.com\/en\/wp-json\/wp\/v2\/pages\/4872"}],"wp:attachment":[{"href":"https:\/\/schake-vector.com\/en\/wp-json\/wp\/v2\/media?parent=7687"}],"curies":[{"name":"wp","href":"https:\/\/api.w.org\/{rel}","templated":true}]}}