{"id":5041,"date":"2022-04-20T10:46:05","date_gmt":"2022-04-20T08:46:05","guid":{"rendered":"https:\/\/schake-vector.com\/?page_id=5041"},"modified":"2026-01-09T15:12:28","modified_gmt":"2026-01-09T14:12:28","slug":"v-guard","status":"publish","type":"page","link":"https:\/\/schake-vector.com\/en\/produkte\/raumsysteme\/v-guard\/","title":{"rendered":"V-Guard"},"content":{"rendered":"<div data-elementor-type=\"wp-page\" data-elementor-id=\"5041\" class=\"elementor elementor-5041\">\n\t\t\t\t\t\t<section class=\"elementor-section elementor-top-section elementor-element elementor-element-3bfd9a9 elementor-section-full_width elementor-section-stretched elementor-section-height-default elementor-section-height-default\" data-id=\"3bfd9a9\" data-element_type=\"section\" data-e-type=\"section\" data-settings=\"{&quot;stretch_section&quot;:&quot;section-stretched&quot;,&quot;background_background&quot;:&quot;classic&quot;}\">\n\t\t\t\t\t\t<div class=\"elementor-container elementor-column-gap-default\">\n\t\t\t\t\t<div class=\"elementor-column elementor-col-100 elementor-top-column elementor-element elementor-element-9265dd9\" data-id=\"9265dd9\" data-element_type=\"column\" data-e-type=\"column\">\n\t\t\t<div class=\"elementor-widget-wrap elementor-element-populated\">\n\t\t\t\t\t\t<div class=\"elementor-element elementor-element-c0852a0 elementor-widget elementor-widget-heading\" data-id=\"c0852a0\" data-element_type=\"widget\" data-e-type=\"widget\" data-widget_type=\"heading.default\">\n\t\t\t\t<div class=\"elementor-widget-container\">\n\t\t\t\t\t<h1 class=\"elementor-heading-title elementor-size-default\">V-GUARD<\/h1>\t\t\t\t<\/div>\n\t\t\t\t<\/div>\n\t\t\t\t\t<\/div>\n\t\t<\/div>\n\t\t\t\t\t<\/div>\n\t\t<\/section>\n\t\t\t\t<section class=\"elementor-section elementor-top-section elementor-element elementor-element-d8eff61 elementor-section-full_width elementor-section-stretched elementor-section-height-default elementor-section-height-default\" data-id=\"d8eff61\" data-element_type=\"section\" data-e-type=\"section\" data-settings=\"{&quot;stretch_section&quot;:&quot;section-stretched&quot;,&quot;background_background&quot;:&quot;classic&quot;}\">\n\t\t\t\t\t\t<div class=\"elementor-container elementor-column-gap-default\">\n\t\t\t\t\t<div class=\"elementor-column elementor-col-100 elementor-top-column elementor-element elementor-element-a8c6d1d\" data-id=\"a8c6d1d\" data-element_type=\"column\" data-e-type=\"column\">\n\t\t\t<div class=\"elementor-widget-wrap elementor-element-populated\">\n\t\t\t\t\t\t<div class=\"elementor-element elementor-element-f79dad3 elementor-widget elementor-widget-text-editor\" data-id=\"f79dad3\" data-element_type=\"widget\" data-e-type=\"widget\" data-widget_type=\"text-editor.default\">\n\t\t\t\t<div class=\"elementor-widget-container\">\n\t\t\t\t\t\t\t\t\t<p>The V-Guard, based on the V-Platform, is the optimal way to guide and protect flows of people at the same time. The V-Guard is easy to relocate<br \/>and can also fulfil its purpose on uneven ground. Its advantages come into their own on the construction site as well as in the event sector.<\/p>\t\t\t\t\t\t\t\t<\/div>\n\t\t\t\t<\/div>\n\t\t\t\t\t<\/div>\n\t\t<\/div>\n\t\t\t\t\t<\/div>\n\t\t<\/section>\n\t\t\t\t<section class=\"elementor-section elementor-top-section elementor-element elementor-element-f388898 elementor-section-full_width elementor-section-height-default elementor-section-height-default\" data-id=\"f388898\" data-element_type=\"section\" data-e-type=\"section\" data-settings=\"{&quot;background_background&quot;:&quot;classic&quot;}\">\n\t\t\t\t\t\t<div class=\"elementor-container elementor-column-gap-default\">\n\t\t\t\t\t<div class=\"elementor-column elementor-col-100 elementor-top-column elementor-element elementor-element-f8592fd\" data-id=\"f8592fd\" data-element_type=\"column\" data-e-type=\"column\">\n\t\t\t<div class=\"elementor-widget-wrap elementor-element-populated\">\n\t\t\t\t\t\t<div class=\"elementor-element elementor-element-3e3697e elementor-widget elementor-widget-image\" data-id=\"3e3697e\" data-element_type=\"widget\" data-e-type=\"widget\" data-widget_type=\"image.default\">\n\t\t\t\t<div class=\"elementor-widget-container\">\n\t\t\t\t\t\t\t\t\t\t\t\t\t\t\t<img fetchpriority=\"high\" decoding=\"async\" width=\"1520\" height=\"308\" src=\"https:\/\/schake-vector.com\/wp-content\/uploads\/2022\/05\/V-Guard_Uebersicht.png\" class=\"attachment-full size-full wp-image-6339\" alt=\"\" srcset=\"https:\/\/schake-vector.com\/wp-content\/uploads\/2022\/05\/V-Guard_Uebersicht.png 1520w, https:\/\/schake-vector.com\/wp-content\/uploads\/2022\/05\/V-Guard_Uebersicht-300x61.png 300w, https:\/\/schake-vector.com\/wp-content\/uploads\/2022\/05\/V-Guard_Uebersicht-1024x207.png 1024w, https:\/\/schake-vector.com\/wp-content\/uploads\/2022\/05\/V-Guard_Uebersicht-768x156.png 768w, https:\/\/schake-vector.com\/wp-content\/uploads\/2022\/05\/V-Guard_Uebersicht-18x4.png 18w, https:\/\/schake-vector.com\/wp-content\/uploads\/2022\/05\/V-Guard_Uebersicht-920x186.png 920w, https:\/\/schake-vector.com\/wp-content\/uploads\/2022\/05\/V-Guard_Uebersicht-230x47.png 230w, https:\/\/schake-vector.com\/wp-content\/uploads\/2022\/05\/V-Guard_Uebersicht-350x71.png 350w, https:\/\/schake-vector.com\/wp-content\/uploads\/2022\/05\/V-Guard_Uebersicht-480x97.png 480w\" sizes=\"(max-width: 1520px) 100vw, 1520px\" \/>\t\t\t\t\t\t\t\t\t\t\t\t\t\t\t<\/div>\n\t\t\t\t<\/div>\n\t\t\t\t<div class=\"elementor-element elementor-element-b672638 elementor-widget elementor-widget-spacer\" data-id=\"b672638\" data-element_type=\"widget\" data-e-type=\"widget\" data-widget_type=\"spacer.default\">\n\t\t\t\t<div class=\"elementor-widget-container\">\n\t\t\t\t\t\t\t<div class=\"elementor-spacer\">\n\t\t\t<div class=\"elementor-spacer-inner\"><\/div>\n\t\t<\/div>\n\t\t\t\t\t\t<\/div>\n\t\t\t\t<\/div>\n\t\t\t\t\t<\/div>\n\t\t<\/div>\n\t\t\t\t\t<\/div>\n\t\t<\/section>\n\t\t\t\t<section class=\"elementor-section elementor-top-section elementor-element elementor-element-5769157 elementor-section-full_width elementor-section-stretched elementor-section-height-default elementor-section-height-default\" data-id=\"5769157\" data-element_type=\"section\" data-e-type=\"section\" data-settings=\"{&quot;stretch_section&quot;:&quot;section-stretched&quot;,&quot;background_background&quot;:&quot;classic&quot;}\">\n\t\t\t\t\t\t<div class=\"elementor-container elementor-column-gap-default\">\n\t\t\t\t\t<div class=\"elementor-column elementor-col-100 elementor-top-column elementor-element elementor-element-807700b\" data-id=\"807700b\" data-element_type=\"column\" data-e-type=\"column\">\n\t\t\t<div class=\"elementor-widget-wrap elementor-element-populated\">\n\t\t\t\t\t\t<section class=\"elementor-section elementor-inner-section elementor-element elementor-element-4a7935f elementor-section-full_width elementor-section-height-default elementor-section-height-default\" data-id=\"4a7935f\" data-element_type=\"section\" data-e-type=\"section\">\n\t\t\t\t\t\t<div class=\"elementor-container elementor-column-gap-no\">\n\t\t\t\t\t<div class=\"elementor-column elementor-col-50 elementor-inner-column elementor-element elementor-element-12e9379\" data-id=\"12e9379\" data-element_type=\"column\" data-e-type=\"column\">\n\t\t\t<div class=\"elementor-widget-wrap elementor-element-populated\">\n\t\t\t\t\t\t<div class=\"elementor-element elementor-element-ee90f41 elementor-widget elementor-widget-text-editor\" data-id=\"ee90f41\" data-element_type=\"widget\" data-e-type=\"widget\" data-widget_type=\"text-editor.default\">\n\t\t\t\t<div class=\"elementor-widget-container\">\n\t\t\t\t\t\t\t\t\t<p>The V-Guards can be configured in our shop.<br \/>The interface can be freely configured and an optional<br \/>LED panel can be installed.<\/p>\t\t\t\t\t\t\t\t<\/div>\n\t\t\t\t<\/div>\n\t\t\t\t\t<\/div>\n\t\t<\/div>\n\t\t\t\t<div class=\"elementor-column elementor-col-50 elementor-inner-column elementor-element elementor-element-f1454b5\" data-id=\"f1454b5\" data-element_type=\"column\" data-e-type=\"column\">\n\t\t\t<div class=\"elementor-widget-wrap elementor-element-populated\">\n\t\t\t\t\t\t<div class=\"elementor-element elementor-element-ff62d68 elementor-widget elementor-widget-image\" data-id=\"ff62d68\" data-element_type=\"widget\" data-e-type=\"widget\" data-widget_type=\"image.default\">\n\t\t\t\t<div class=\"elementor-widget-container\">\n\t\t\t\t\t\t\t\t\t\t\t\t\t\t\t<img decoding=\"async\" width=\"1024\" height=\"365\" src=\"https:\/\/schake-vector.com\/wp-content\/uploads\/2022\/05\/B000899_Guard_Anwendung2-1024x365.png\" class=\"attachment-large size-large wp-image-5422\" alt=\"\" srcset=\"https:\/\/schake-vector.com\/wp-content\/uploads\/2022\/05\/B000899_Guard_Anwendung2-1024x365.png 1024w, https:\/\/schake-vector.com\/wp-content\/uploads\/2022\/05\/B000899_Guard_Anwendung2-300x107.png 300w, https:\/\/schake-vector.com\/wp-content\/uploads\/2022\/05\/B000899_Guard_Anwendung2-768x274.png 768w, https:\/\/schake-vector.com\/wp-content\/uploads\/2022\/05\/B000899_Guard_Anwendung2-920x328.png 920w, https:\/\/schake-vector.com\/wp-content\/uploads\/2022\/05\/B000899_Guard_Anwendung2-230x82.png 230w, https:\/\/schake-vector.com\/wp-content\/uploads\/2022\/05\/B000899_Guard_Anwendung2-350x125.png 350w, https:\/\/schake-vector.com\/wp-content\/uploads\/2022\/05\/B000899_Guard_Anwendung2-480x171.png 480w, https:\/\/schake-vector.com\/wp-content\/uploads\/2022\/05\/B000899_Guard_Anwendung2.png 1296w\" sizes=\"(max-width: 1024px) 100vw, 1024px\" \/>\t\t\t\t\t\t\t\t\t\t\t\t\t\t\t<\/div>\n\t\t\t\t<\/div>\n\t\t\t\t\t<\/div>\n\t\t<\/div>\n\t\t\t\t\t<\/div>\n\t\t<\/section>\n\t\t\t\t\t<\/div>\n\t\t<\/div>\n\t\t\t\t\t<\/div>\n\t\t<\/section>\n\t\t\t\t<section class=\"elementor-section elementor-top-section elementor-element elementor-element-d68dd13 elementor-section-full_width elementor-section-stretched elementor-section-height-default elementor-section-height-default\" data-id=\"d68dd13\" data-element_type=\"section\" data-e-type=\"section\" data-settings=\"{&quot;stretch_section&quot;:&quot;section-stretched&quot;,&quot;background_background&quot;:&quot;classic&quot;}\">\n\t\t\t\t\t\t<div class=\"elementor-container elementor-column-gap-default\">\n\t\t\t\t\t<div class=\"elementor-column elementor-col-100 elementor-top-column elementor-element elementor-element-6ab5cce\" data-id=\"6ab5cce\" data-element_type=\"column\" data-e-type=\"column\">\n\t\t\t<div class=\"elementor-widget-wrap elementor-element-populated\">\n\t\t\t\t\t\t<div class=\"elementor-element elementor-element-065f3b7 elementor-widget-divider--view-line_text elementor-widget-divider--element-align-center elementor-widget elementor-widget-divider\" data-id=\"065f3b7\" data-element_type=\"widget\" data-e-type=\"widget\" data-widget_type=\"divider.default\">\n\t\t\t\t<div class=\"elementor-widget-container\">\n\t\t\t\t\t\t\t<div class=\"elementor-divider\">\n\t\t\t<span class=\"elementor-divider-separator\">\n\t\t\t\t\t\t\t<span class=\"elementor-divider__text elementor-divider__element\">\n\t\t\t\tTechnical data\t\t\t\t<\/span>\n\t\t\t\t\t\t<\/span>\n\t\t<\/div>\n\t\t\t\t\t\t<\/div>\n\t\t\t\t<\/div>\n\t\t\t\t\t<\/div>\n\t\t<\/div>\n\t\t\t\t\t<\/div>\n\t\t<\/section>\n\t\t\t\t<section class=\"elementor-section elementor-top-section elementor-element elementor-element-6a42a9a elementor-section-full_width elementor-section-height-default elementor-section-height-default\" data-id=\"6a42a9a\" data-element_type=\"section\" data-e-type=\"section\" data-settings=\"{&quot;background_background&quot;:&quot;classic&quot;}\">\n\t\t\t\t\t\t<div class=\"elementor-container elementor-column-gap-default\">\n\t\t\t\t\t<div class=\"elementor-column elementor-col-100 elementor-top-column elementor-element elementor-element-e38b18a\" data-id=\"e38b18a\" data-element_type=\"column\" data-e-type=\"column\">\n\t\t\t<div class=\"elementor-widget-wrap elementor-element-populated\">\n\t\t\t\t\t\t<div class=\"elementor-element elementor-element-f89a1b7 elementor-widget elementor-widget-text-editor\" data-id=\"f89a1b7\" data-element_type=\"widget\" data-e-type=\"widget\" data-widget_type=\"text-editor.default\">\n\t\t\t\t<div class=\"elementor-widget-container\">\n\t\t\t\t\t\t\t\t\t<p><span style=\"text-decoration: underline;\">Dimensions<\/span><\/p><p>Dimensions LxWxH 2.00\u00d72.00\u00d72.41 m<br \/>Weight 1450 kg<\/p><p><span style=\"text-decoration: underline;\">General characteristics<\/span><\/p><p>Connection via 230 V CEE plug<br \/>Lockable access to the electronics<br \/>Expandable with the V-Turnstile-Guard<br \/>Optional LED panel with motion detector<\/p><p><span style=\"text-decoration: underline;\">Platform<\/span><\/p><p>Forklift pockets<br \/>Non-slip concrete flooring<br \/>Levelling feet<br \/>Crane eyes<\/p><p><span style=\"text-decoration: underline;\">Surface<\/span><\/p><p>Individual powder coating<\/p>\t\t\t\t\t\t\t\t<\/div>\n\t\t\t\t<\/div>\n\t\t\t\t\t<\/div>\n\t\t<\/div>\n\t\t\t\t\t<\/div>\n\t\t<\/section>\n\t\t\t\t<section class=\"elementor-section elementor-top-section elementor-element elementor-element-42a86d8 elementor-section-boxed elementor-section-height-default elementor-section-height-default\" data-id=\"42a86d8\" data-element_type=\"section\" data-e-type=\"section\">\n\t\t\t\t\t\t<div class=\"elementor-container elementor-column-gap-default\">\n\t\t\t\t\t<div class=\"elementor-column elementor-col-100 elementor-top-column elementor-element elementor-element-796eb1e\" data-id=\"796eb1e\" data-element_type=\"column\" data-e-type=\"column\">\n\t\t\t<div class=\"elementor-widget-wrap elementor-element-populated\">\n\t\t\t\t\t\t<div class=\"elementor-element elementor-element-ca1cbe4 elementor-widget elementor-widget-spacer\" data-id=\"ca1cbe4\" data-element_type=\"widget\" data-e-type=\"widget\" data-widget_type=\"spacer.default\">\n\t\t\t\t<div class=\"elementor-widget-container\">\n\t\t\t\t\t\t\t<div class=\"elementor-spacer\">\n\t\t\t<div class=\"elementor-spacer-inner\"><\/div>\n\t\t<\/div>\n\t\t\t\t\t\t<\/div>\n\t\t\t\t<\/div>\n\t\t\t\t\t<\/div>\n\t\t<\/div>\n\t\t\t\t\t<\/div>\n\t\t<\/section>\n\t\t\t\t<\/div>","protected":false},"excerpt":{"rendered":"<p>V-GUARD Der auf der V-Platform basierende V-Guard ist die optimale M\u00f6glichkeit, Personenstr\u00f6me gleichzeitig zu leiten und zu sch\u00fctzen. Der V-Guard l\u00e4sst sich [&hellip;]<\/p>\n","protected":false},"author":2,"featured_media":0,"parent":4872,"menu_order":0,"comment_status":"closed","ping_status":"closed","template":"page-templates\/page_front-page.php","meta":{"footnotes":""},"class_list":["post-5041","page","type-page","status-publish","hentry"],"yoast_head":"<!-- This site is optimized with the Yoast SEO plugin v27.3 - https:\/\/yoast.com\/product\/yoast-seo-wordpress\/ -->\n<title>V-Guard - VECTOR<\/title>\n<meta name=\"robots\" content=\"index, follow, max-snippet:-1, max-image-preview:large, max-video-preview:-1\" \/>\n<link rel=\"canonical\" href=\"https:\/\/schake-vector.com\/en\/produkte\/raumsysteme\/v-guard\/\" \/>\n<meta property=\"og:locale\" content=\"en_US\" \/>\n<meta property=\"og:type\" content=\"article\" \/>\n<meta property=\"og:title\" content=\"V-Guard - VECTOR\" \/>\n<meta property=\"og:description\" content=\"V-GUARD Der auf der V-Platform basierende V-Guard ist die optimale M\u00f6glichkeit, Personenstr\u00f6me gleichzeitig zu leiten und zu sch\u00fctzen. Der V-Guard l\u00e4sst sich [&hellip;]\" \/>\n<meta property=\"og:url\" content=\"https:\/\/schake-vector.com\/en\/produkte\/raumsysteme\/v-guard\/\" \/>\n<meta property=\"og:site_name\" content=\"VECTOR\" \/>\n<meta property=\"article:modified_time\" content=\"2026-01-09T14:12:28+00:00\" \/>\n<meta property=\"og:image\" content=\"https:\/\/schake-vector.com\/wp-content\/uploads\/2022\/05\/V-Guard_Uebersicht.png\" \/>\n\t<meta property=\"og:image:width\" content=\"1520\" \/>\n\t<meta property=\"og:image:height\" content=\"308\" \/>\n\t<meta property=\"og:image:type\" content=\"image\/png\" \/>\n<meta name=\"twitter:card\" content=\"summary_large_image\" \/>\n<meta name=\"twitter:label1\" content=\"Est. reading time\" \/>\n\t<meta name=\"twitter:data1\" content=\"1 minute\" \/>\n<script type=\"application\/ld+json\" class=\"yoast-schema-graph\">{\"@context\":\"https:\\\/\\\/schema.org\",\"@graph\":[{\"@type\":\"WebPage\",\"@id\":\"https:\\\/\\\/schake-vector.com\\\/produkte\\\/raumsysteme\\\/v-guard\\\/\",\"url\":\"https:\\\/\\\/schake-vector.com\\\/produkte\\\/raumsysteme\\\/v-guard\\\/\",\"name\":\"V-Guard - VECTOR\",\"isPartOf\":{\"@id\":\"https:\\\/\\\/schake-vector.com\\\/#website\"},\"primaryImageOfPage\":{\"@id\":\"https:\\\/\\\/schake-vector.com\\\/produkte\\\/raumsysteme\\\/v-guard\\\/#primaryimage\"},\"image\":{\"@id\":\"https:\\\/\\\/schake-vector.com\\\/produkte\\\/raumsysteme\\\/v-guard\\\/#primaryimage\"},\"thumbnailUrl\":\"https:\\\/\\\/schake-vector.com\\\/wp-content\\\/uploads\\\/2022\\\/05\\\/V-Guard_Uebersicht.png\",\"datePublished\":\"2022-04-20T08:46:05+00:00\",\"dateModified\":\"2026-01-09T14:12:28+00:00\",\"breadcrumb\":{\"@id\":\"https:\\\/\\\/schake-vector.com\\\/produkte\\\/raumsysteme\\\/v-guard\\\/#breadcrumb\"},\"inLanguage\":\"en-US\",\"potentialAction\":[{\"@type\":\"ReadAction\",\"target\":[\"https:\\\/\\\/schake-vector.com\\\/produkte\\\/raumsysteme\\\/v-guard\\\/\"]}]},{\"@type\":\"ImageObject\",\"inLanguage\":\"en-US\",\"@id\":\"https:\\\/\\\/schake-vector.com\\\/produkte\\\/raumsysteme\\\/v-guard\\\/#primaryimage\",\"url\":\"https:\\\/\\\/schake-vector.com\\\/wp-content\\\/uploads\\\/2022\\\/05\\\/V-Guard_Uebersicht.png\",\"contentUrl\":\"https:\\\/\\\/schake-vector.com\\\/wp-content\\\/uploads\\\/2022\\\/05\\\/V-Guard_Uebersicht.png\"},{\"@type\":\"BreadcrumbList\",\"@id\":\"https:\\\/\\\/schake-vector.com\\\/produkte\\\/raumsysteme\\\/v-guard\\\/#breadcrumb\",\"itemListElement\":[{\"@type\":\"ListItem\",\"position\":1,\"name\":\"Home\",\"item\":\"https:\\\/\\\/schake-vector.com\\\/\"},{\"@type\":\"ListItem\",\"position\":2,\"name\":\"Produkte\",\"item\":\"https:\\\/\\\/schake-vector.com\\\/produkte\\\/\"},{\"@type\":\"ListItem\",\"position\":3,\"name\":\"Raumsysteme\",\"item\":\"https:\\\/\\\/schake-vector.com\\\/produkte\\\/raumsysteme\\\/\"},{\"@type\":\"ListItem\",\"position\":4,\"name\":\"V-Guard\"}]},{\"@type\":\"WebSite\",\"@id\":\"https:\\\/\\\/schake-vector.com\\\/#website\",\"url\":\"https:\\\/\\\/schake-vector.com\\\/\",\"name\":\"VECTOR\",\"description\":\"Creative Tech Solutions\",\"publisher\":{\"@id\":\"https:\\\/\\\/schake-vector.com\\\/#organization\"},\"potentialAction\":[{\"@type\":\"SearchAction\",\"target\":{\"@type\":\"EntryPoint\",\"urlTemplate\":\"https:\\\/\\\/schake-vector.com\\\/?s={search_term_string}\"},\"query-input\":{\"@type\":\"PropertyValueSpecification\",\"valueRequired\":true,\"valueName\":\"search_term_string\"}}],\"inLanguage\":\"en-US\"},{\"@type\":\"Organization\",\"@id\":\"https:\\\/\\\/schake-vector.com\\\/#organization\",\"name\":\"Schake-Vector\",\"url\":\"https:\\\/\\\/schake-vector.com\\\/\",\"logo\":{\"@type\":\"ImageObject\",\"inLanguage\":\"en-US\",\"@id\":\"https:\\\/\\\/schake-vector.com\\\/#\\\/schema\\\/logo\\\/image\\\/\",\"url\":\"https:\\\/\\\/schake-vector.com\\\/wp-content\\\/uploads\\\/2021\\\/07\\\/Schake-Vector-Logo-2021_o_HG-1.png\",\"contentUrl\":\"https:\\\/\\\/schake-vector.com\\\/wp-content\\\/uploads\\\/2021\\\/07\\\/Schake-Vector-Logo-2021_o_HG-1.png\",\"width\":1566,\"height\":324,\"caption\":\"Schake-Vector\"},\"image\":{\"@id\":\"https:\\\/\\\/schake-vector.com\\\/#\\\/schema\\\/logo\\\/image\\\/\"},\"sameAs\":[\"https:\\\/\\\/www.instagram.com\\\/schake_vector\\\/\",\"https:\\\/\\\/de.linkedin.com\\\/company\\\/schake-vector\"]}]}<\/script>\n<!-- \/ Yoast SEO plugin. -->","yoast_head_json":{"title":"V-Guard - VECTOR","robots":{"index":"index","follow":"follow","max-snippet":"max-snippet:-1","max-image-preview":"max-image-preview:large","max-video-preview":"max-video-preview:-1"},"canonical":"https:\/\/schake-vector.com\/en\/produkte\/raumsysteme\/v-guard\/","og_locale":"en_US","og_type":"article","og_title":"V-Guard - VECTOR","og_description":"V-GUARD Der auf der V-Platform basierende V-Guard ist die optimale M\u00f6glichkeit, Personenstr\u00f6me gleichzeitig zu leiten und zu sch\u00fctzen. Der V-Guard l\u00e4sst sich [&hellip;]","og_url":"https:\/\/schake-vector.com\/en\/produkte\/raumsysteme\/v-guard\/","og_site_name":"VECTOR","article_modified_time":"2026-01-09T14:12:28+00:00","og_image":[{"width":1520,"height":308,"url":"https:\/\/schake-vector.com\/wp-content\/uploads\/2022\/05\/V-Guard_Uebersicht.png","type":"image\/png"}],"twitter_card":"summary_large_image","twitter_misc":{"Est. reading time":"1 minute"},"schema":{"@context":"https:\/\/schema.org","@graph":[{"@type":"WebPage","@id":"https:\/\/schake-vector.com\/produkte\/raumsysteme\/v-guard\/","url":"https:\/\/schake-vector.com\/produkte\/raumsysteme\/v-guard\/","name":"V-Guard - VECTOR","isPartOf":{"@id":"https:\/\/schake-vector.com\/#website"},"primaryImageOfPage":{"@id":"https:\/\/schake-vector.com\/produkte\/raumsysteme\/v-guard\/#primaryimage"},"image":{"@id":"https:\/\/schake-vector.com\/produkte\/raumsysteme\/v-guard\/#primaryimage"},"thumbnailUrl":"https:\/\/schake-vector.com\/wp-content\/uploads\/2022\/05\/V-Guard_Uebersicht.png","datePublished":"2022-04-20T08:46:05+00:00","dateModified":"2026-01-09T14:12:28+00:00","breadcrumb":{"@id":"https:\/\/schake-vector.com\/produkte\/raumsysteme\/v-guard\/#breadcrumb"},"inLanguage":"en-US","potentialAction":[{"@type":"ReadAction","target":["https:\/\/schake-vector.com\/produkte\/raumsysteme\/v-guard\/"]}]},{"@type":"ImageObject","inLanguage":"en-US","@id":"https:\/\/schake-vector.com\/produkte\/raumsysteme\/v-guard\/#primaryimage","url":"https:\/\/schake-vector.com\/wp-content\/uploads\/2022\/05\/V-Guard_Uebersicht.png","contentUrl":"https:\/\/schake-vector.com\/wp-content\/uploads\/2022\/05\/V-Guard_Uebersicht.png"},{"@type":"BreadcrumbList","@id":"https:\/\/schake-vector.com\/produkte\/raumsysteme\/v-guard\/#breadcrumb","itemListElement":[{"@type":"ListItem","position":1,"name":"Home","item":"https:\/\/schake-vector.com\/"},{"@type":"ListItem","position":2,"name":"Produkte","item":"https:\/\/schake-vector.com\/produkte\/"},{"@type":"ListItem","position":3,"name":"Raumsysteme","item":"https:\/\/schake-vector.com\/produkte\/raumsysteme\/"},{"@type":"ListItem","position":4,"name":"V-Guard"}]},{"@type":"WebSite","@id":"https:\/\/schake-vector.com\/#website","url":"https:\/\/schake-vector.com\/","name":"VECTOR","description":"Creative Tech Solutions","publisher":{"@id":"https:\/\/schake-vector.com\/#organization"},"potentialAction":[{"@type":"SearchAction","target":{"@type":"EntryPoint","urlTemplate":"https:\/\/schake-vector.com\/?s={search_term_string}"},"query-input":{"@type":"PropertyValueSpecification","valueRequired":true,"valueName":"search_term_string"}}],"inLanguage":"en-US"},{"@type":"Organization","@id":"https:\/\/schake-vector.com\/#organization","name":"Schake-Vector","url":"https:\/\/schake-vector.com\/","logo":{"@type":"ImageObject","inLanguage":"en-US","@id":"https:\/\/schake-vector.com\/#\/schema\/logo\/image\/","url":"https:\/\/schake-vector.com\/wp-content\/uploads\/2021\/07\/Schake-Vector-Logo-2021_o_HG-1.png","contentUrl":"https:\/\/schake-vector.com\/wp-content\/uploads\/2021\/07\/Schake-Vector-Logo-2021_o_HG-1.png","width":1566,"height":324,"caption":"Schake-Vector"},"image":{"@id":"https:\/\/schake-vector.com\/#\/schema\/logo\/image\/"},"sameAs":["https:\/\/www.instagram.com\/schake_vector\/","https:\/\/de.linkedin.com\/company\/schake-vector"]}]}},"_links":{"self":[{"href":"https:\/\/schake-vector.com\/en\/wp-json\/wp\/v2\/pages\/5041","targetHints":{"allow":["GET"]}}],"collection":[{"href":"https:\/\/schake-vector.com\/en\/wp-json\/wp\/v2\/pages"}],"about":[{"href":"https:\/\/schake-vector.com\/en\/wp-json\/wp\/v2\/types\/page"}],"author":[{"embeddable":true,"href":"https:\/\/schake-vector.com\/en\/wp-json\/wp\/v2\/users\/2"}],"replies":[{"embeddable":true,"href":"https:\/\/schake-vector.com\/en\/wp-json\/wp\/v2\/comments?post=5041"}],"version-history":[{"count":107,"href":"https:\/\/schake-vector.com\/en\/wp-json\/wp\/v2\/pages\/5041\/revisions"}],"predecessor-version":[{"id":8890,"href":"https:\/\/schake-vector.com\/en\/wp-json\/wp\/v2\/pages\/5041\/revisions\/8890"}],"up":[{"embeddable":true,"href":"https:\/\/schake-vector.com\/en\/wp-json\/wp\/v2\/pages\/4872"}],"wp:attachment":[{"href":"https:\/\/schake-vector.com\/en\/wp-json\/wp\/v2\/media?parent=5041"}],"curies":[{"name":"wp","href":"https:\/\/api.w.org\/{rel}","templated":true}]}}